{"id":160654,"date":"2025-10-02T10:22:13","date_gmt":"2025-10-02T07:22:13","guid":{"rendered":"https:\/\/eurovent.ee\/%d0%bf%d1%80%d0%be%d0%b4%d1%83%d0%ba%d1%82%d1%8b\/%d0%bf%d1%80%d0%be%d1%82%d0%b8%d0%b2%d0%be%d0%bf%d0%be%d0%b6%d0%b0%d1%80%d0%bd%d0%be%d0%b5-%d0%bf%d0%be%d0%bb%d0%be%d1%82%d0%bd%d0%be\/"},"modified":"2025-10-12T16:43:17","modified_gmt":"2025-10-12T13:43:17","slug":"protivopozhar-polotno","status":"publish","type":"page","link":"https:\/\/eurovent.ee\/ru\/produkcziya-i-sistemy\/protivopozhar-polotno\/","title":{"rendered":"\u041f\u0440\u043e\u0442\u0438\u0432\u043e\u043f\u043e\u0436\u0430\u0440\u043d\u043e\u0435 \u043f\u043e\u043b\u043e\u0442\u043d\u043e"},"content":{"rendered":"<div class=\"wpb-content-wrapper\"><p>[vc_row row_height_percent=&#187;0&#8243; override_padding=&#187;yes&#187; h_padding=&#187;2&#8243; top_padding=&#187;5&#8243; bottom_padding=&#187;5&#8243; overlay_alpha=&#187;50&#8243; gutter_size=&#187;3&#8243; column_width_percent=&#187;100&#8243; shift_y=&#187;0&#8243; z_index=&#187;0&#8243; content_parallax=&#187;0&#8243; uncode_shortcode_id=&#187;187245&#8243;][vc_column width=&#187;1\/1&#8243;][vc_accordion typography=&#187;advanced&#187; sign=&#187;plus&#187; sign_size=&#187;md&#187; content_border=&#187;yes&#187; gutter_simple=&#187;1&#8243; no_h_padding=&#187;yes&#187; heading_semantic=&#187;h3&#8243; titles_size=&#187;custom&#187; uncode_shortcode_id=&#187;375387&#8243; heading_custom_size=&#187;clamp(1.25rem, -0.1563rem + 2.3438vw, 2.1875rem)&#187; active_tab=&#187;0&#8243;][vc_accordion_tab gutter_size=&#187;2&#8243; column_padding=&#187;2&#8243; title=&#187;\u041f\u0440\u043e\u0442\u0438\u0432\u043e\u043f\u043e\u0436\u0430\u0440\u043d\u043e\u0435 \u043f\u043e\u043b\u043e\u0442\u043d\u043e&#187; tab_id=&#187;1754119277-1-931754121472019&#8243;][vc_row_inner row_inner_height_percent=&#187;0&#8243; overlay_alpha=&#187;50&#8243; gutter_size=&#187;4&#8243; shift_y=&#187;0&#8243; z_index=&#187;0&#8243; uncode_shortcode_id=&#187;213054&#8243;][vc_column_inner column_width_percent=&#187;100&#8243; gutter_size=&#187;3&#8243; overlay_alpha=&#187;50&#8243; shift_x=&#187;0&#8243; shift_y=&#187;0&#8243; shift_y_down=&#187;0&#8243; z_index=&#187;0&#8243; medium_width=&#187;0&#8243; mobile_width=&#187;0&#8243; width=&#187;1\/2&#8243; uncode_shortcode_id=&#187;203274&#8243;][vc_button button_color=&#187;accent&#187; wide=&#187;yes&#187; border_width=&#187;0&#8243; icon_position=&#187;right&#187; scale_mobile=&#187;no&#187; icon=&#187;fa fa-file-pdf-o&#187; uncode_shortcode_id=&#187;655376&#8243; el_class=&#187;btn-left-right&#187; button_color_type=&#187;uncode-palette&#187; link=&#187;url:%2Fwp-content%2Fuploads%2F2025%2F10%2FTulekustutustekk.pdf|target:_blank|&#187;]ITP \u043f\u0440\u043e\u0442\u0438\u0432\u043e\u043f\u043e\u0436\u0430\u0440\u043d\u043e\u0435 \u043f\u043e\u043b\u043e\u0442\u043d\u043e[\/vc_button][\/vc_column_inner][vc_column_inner width=&#187;1\/2&#8243;][vc_single_image media=&#187;160653&#8243; media_width_percent=&#187;100&#8243; uncode_shortcode_id=&#187;130930&#8243;][\/vc_column_inner][\/vc_row_inner][\/vc_accordion_tab][\/vc_accordion][\/vc_column][\/vc_row]<\/p>\n<\/div>","protected":false},"excerpt":{"rendered":"<p>[vc_row row_height_percent=&#187;0&#8243; override_padding=&#187;yes&#187; h_padding=&#187;2&#8243; top_padding=&#187;5&#8243; bottom_padding=&#187;5&#8243; overlay_alpha=&#187;50&#8243; gutter_size=&#187;3&#8243; column_width_percent=&#187;100&#8243; shift_y=&#187;0&#8243; z_index=&#187;0&#8243; content_parallax=&#187;0&#8243; uncode_shortcode_id=&#187;187245&#8243;][vc_column width=&#187;1\/1&#8243;][vc_accordion typography=&#187;advanced&#187; sign=&#187;plus&#187; sign_size=&#187;md&#187; content_border=&#187;yes&#187; gutter_simple=&#187;1&#8243; no_h_padding=&#187;yes&#187; [&hellip;]<\/p>\n","protected":false},"author":2,"featured_media":160653,"parent":160336,"menu_order":0,"comment_status":"closed","ping_status":"closed","template":"","meta":{"footnotes":""},"class_list":["post-160654","page","type-page","status-publish","has-post-thumbnail","hentry","page_category-85"],"yoast_head":"<!-- This site is optimized with the Yoast SEO plugin v26.3 - https:\/\/yoast.com\/wordpress\/plugins\/seo\/ -->\n<title>\u041e\u0433\u043d\u0435\u0442\u0443\u0448\u0430\u0449\u0435\u0435 \u043f\u043e\u043a\u0440\u044b\u0432\u0430\u043b\u043e | EuroVent EST O\u00dc<\/title>\n<meta name=\"description\" content=\"EuroVent O\u00dc \u043f\u0440\u0435\u0434\u043b\u0430\u0433\u0430\u0435\u0442 \u043d\u0430\u0434\u0451\u0436\u043d\u044b\u0435 \u043e\u0433\u043d\u0435\u0442\u0443\u0448\u0430\u0449\u0438\u0435 \u043f\u043e\u043a\u0440\u044b\u0432\u0430\u043b\u0430 \u0434\u043b\u044f \u0434\u043e\u043c\u0430 \u0438 \u0431\u0438\u0437\u043d\u0435\u0441\u0430. \u042d\u0444\u0444\u0435\u043a\u0442\u0438\u0432\u043d\u043e\u0435 \u0441\u0440\u0435\u0434\u0441\u0442\u0432\u043e \u0434\u043b\u044f \u0442\u0443\u0448\u0435\u043d\u0438\u044f \u0432\u043e\u0437\u0433\u043e\u0440\u0430\u043d\u0438\u0439 \u043d\u0430 \u043d\u0430\u0447\u0430\u043b\u044c\u043d\u043e\u0439 \u0441\u0442\u0430\u0434\u0438\u0438.\" \/>\n<meta name=\"robots\" content=\"index, follow, max-snippet:-1, max-image-preview:large, max-video-preview:-1\" \/>\n<link rel=\"canonical\" href=\"https:\/\/eurovent.ee\/ru\/produkcziya-i-sistemy\/protivopozhar-polotno\/\" \/>\n<meta property=\"og:locale\" content=\"ru_RU\" \/>\n<meta property=\"og:type\" content=\"article\" \/>\n<meta property=\"og:title\" content=\"\u041e\u0433\u043d\u0435\u0442\u0443\u0448\u0430\u0449\u0435\u0435 \u043f\u043e\u043a\u0440\u044b\u0432\u0430\u043b\u043e | EuroVent EST O\u00dc\" \/>\n<meta property=\"og:description\" content=\"EuroVent O\u00dc \u043f\u0440\u0435\u0434\u043b\u0430\u0433\u0430\u0435\u0442 \u043d\u0430\u0434\u0451\u0436\u043d\u044b\u0435 \u043e\u0433\u043d\u0435\u0442\u0443\u0448\u0430\u0449\u0438\u0435 \u043f\u043e\u043a\u0440\u044b\u0432\u0430\u043b\u0430 \u0434\u043b\u044f \u0434\u043e\u043c\u0430 \u0438 \u0431\u0438\u0437\u043d\u0435\u0441\u0430. \u042d\u0444\u0444\u0435\u043a\u0442\u0438\u0432\u043d\u043e\u0435 \u0441\u0440\u0435\u0434\u0441\u0442\u0432\u043e \u0434\u043b\u044f \u0442\u0443\u0448\u0435\u043d\u0438\u044f \u0432\u043e\u0437\u0433\u043e\u0440\u0430\u043d\u0438\u0439 \u043d\u0430 \u043d\u0430\u0447\u0430\u043b\u044c\u043d\u043e\u0439 \u0441\u0442\u0430\u0434\u0438\u0438.\" \/>\n<meta property=\"og:url\" content=\"https:\/\/eurovent.ee\/ru\/produkcziya-i-sistemy\/protivopozhar-polotno\/\" \/>\n<meta property=\"og:site_name\" content=\"Eurovent EST O\u00dc\" \/>\n<meta property=\"article:modified_time\" content=\"2025-10-12T13:43:17+00:00\" \/>\n<meta property=\"og:image\" content=\"https:\/\/eurovent.ee\/wp-content\/uploads\/2025\/10\/tooted-tulekustutustekk-hero.jpg\" \/>\n\t<meta property=\"og:image:width\" content=\"1919\" \/>\n\t<meta property=\"og:image:height\" content=\"1281\" \/>\n\t<meta property=\"og:image:type\" content=\"image\/jpeg\" \/>\n<meta name=\"twitter:card\" content=\"summary_large_image\" \/>\n<meta name=\"twitter:label1\" content=\"\u041f\u0440\u0438\u043c\u0435\u0440\u043d\u043e\u0435 \u0432\u0440\u0435\u043c\u044f \u0434\u043b\u044f \u0447\u0442\u0435\u043d\u0438\u044f\" \/>\n\t<meta name=\"twitter:data1\" content=\"1 \u043c\u0438\u043d\u0443\u0442\u0430\" \/>\n<script type=\"application\/ld+json\" class=\"yoast-schema-graph\">{\"@context\":\"https:\/\/schema.org\",\"@graph\":[{\"@type\":\"WebPage\",\"@id\":\"https:\/\/eurovent.ee\/ru\/produkcziya-i-sistemy\/protivopozhar-polotno\/\",\"url\":\"https:\/\/eurovent.ee\/ru\/produkcziya-i-sistemy\/protivopozhar-polotno\/\",\"name\":\"\u041e\u0433\u043d\u0435\u0442\u0443\u0448\u0430\u0449\u0435\u0435 \u043f\u043e\u043a\u0440\u044b\u0432\u0430\u043b\u043e | EuroVent EST O\u00dc\",\"isPartOf\":{\"@id\":\"https:\/\/eurovent.ee\/ru\/#website\"},\"primaryImageOfPage\":{\"@id\":\"https:\/\/eurovent.ee\/ru\/produkcziya-i-sistemy\/protivopozhar-polotno\/#primaryimage\"},\"image\":{\"@id\":\"https:\/\/eurovent.ee\/ru\/produkcziya-i-sistemy\/protivopozhar-polotno\/#primaryimage\"},\"thumbnailUrl\":\"https:\/\/eurovent.ee\/wp-content\/uploads\/2025\/10\/tooted-tulekustutustekk-hero.jpg\",\"datePublished\":\"2025-10-02T07:22:13+00:00\",\"dateModified\":\"2025-10-12T13:43:17+00:00\",\"description\":\"EuroVent O\u00dc \u043f\u0440\u0435\u0434\u043b\u0430\u0433\u0430\u0435\u0442 \u043d\u0430\u0434\u0451\u0436\u043d\u044b\u0435 \u043e\u0433\u043d\u0435\u0442\u0443\u0448\u0430\u0449\u0438\u0435 \u043f\u043e\u043a\u0440\u044b\u0432\u0430\u043b\u0430 \u0434\u043b\u044f \u0434\u043e\u043c\u0430 \u0438 \u0431\u0438\u0437\u043d\u0435\u0441\u0430. \u042d\u0444\u0444\u0435\u043a\u0442\u0438\u0432\u043d\u043e\u0435 \u0441\u0440\u0435\u0434\u0441\u0442\u0432\u043e \u0434\u043b\u044f \u0442\u0443\u0448\u0435\u043d\u0438\u044f \u0432\u043e\u0437\u0433\u043e\u0440\u0430\u043d\u0438\u0439 \u043d\u0430 \u043d\u0430\u0447\u0430\u043b\u044c\u043d\u043e\u0439 \u0441\u0442\u0430\u0434\u0438\u0438.\",\"breadcrumb\":{\"@id\":\"https:\/\/eurovent.ee\/ru\/produkcziya-i-sistemy\/protivopozhar-polotno\/#breadcrumb\"},\"inLanguage\":\"ru-RU\",\"potentialAction\":[{\"@type\":\"ReadAction\",\"target\":[\"https:\/\/eurovent.ee\/ru\/produkcziya-i-sistemy\/protivopozhar-polotno\/\"]}]},{\"@type\":\"ImageObject\",\"inLanguage\":\"ru-RU\",\"@id\":\"https:\/\/eurovent.ee\/ru\/produkcziya-i-sistemy\/protivopozhar-polotno\/#primaryimage\",\"url\":\"https:\/\/eurovent.ee\/wp-content\/uploads\/2025\/10\/tooted-tulekustutustekk-hero.jpg\",\"contentUrl\":\"https:\/\/eurovent.ee\/wp-content\/uploads\/2025\/10\/tooted-tulekustutustekk-hero.jpg\",\"width\":1919,\"height\":1281},{\"@type\":\"BreadcrumbList\",\"@id\":\"https:\/\/eurovent.ee\/ru\/produkcziya-i-sistemy\/protivopozhar-polotno\/#breadcrumb\",\"itemListElement\":[{\"@type\":\"ListItem\",\"position\":1,\"name\":\"Home\",\"item\":\"https:\/\/eurovent.ee\/ru\/home\/\"},{\"@type\":\"ListItem\",\"position\":2,\"name\":\"\u041f\u0440\u043e\u0434\u0443\u043a\u0446\u0438\u044f \u0438 \u0441\u0438\u0441\u0442\u0435\u043c\u044b\",\"item\":\"https:\/\/eurovent.ee\/ru\/produkcziya-i-sistemy\/\"},{\"@type\":\"ListItem\",\"position\":3,\"name\":\"\u041f\u0440\u043e\u0442\u0438\u0432\u043e\u043f\u043e\u0436\u0430\u0440\u043d\u043e\u0435 \u043f\u043e\u043b\u043e\u0442\u043d\u043e\"}]},{\"@type\":\"WebSite\",\"@id\":\"https:\/\/eurovent.ee\/ru\/#website\",\"url\":\"https:\/\/eurovent.ee\/ru\/\",\"name\":\"Eurovent EST O\u00dc\",\"description\":\"Spetsialistid suitsueemalduse, tulet\u00f5kkekardinate ja p\u00e4ikeses\u00fcsteemide alal\",\"potentialAction\":[{\"@type\":\"SearchAction\",\"target\":{\"@type\":\"EntryPoint\",\"urlTemplate\":\"https:\/\/eurovent.ee\/ru\/?s={search_term_string}\"},\"query-input\":{\"@type\":\"PropertyValueSpecification\",\"valueRequired\":true,\"valueName\":\"search_term_string\"}}],\"inLanguage\":\"ru-RU\"}]}<\/script>\n<!-- \/ Yoast SEO plugin. -->","yoast_head_json":{"title":"\u041e\u0433\u043d\u0435\u0442\u0443\u0448\u0430\u0449\u0435\u0435 \u043f\u043e\u043a\u0440\u044b\u0432\u0430\u043b\u043e | EuroVent EST O\u00dc","description":"EuroVent O\u00dc \u043f\u0440\u0435\u0434\u043b\u0430\u0433\u0430\u0435\u0442 \u043d\u0430\u0434\u0451\u0436\u043d\u044b\u0435 \u043e\u0433\u043d\u0435\u0442\u0443\u0448\u0430\u0449\u0438\u0435 \u043f\u043e\u043a\u0440\u044b\u0432\u0430\u043b\u0430 \u0434\u043b\u044f \u0434\u043e\u043c\u0430 \u0438 \u0431\u0438\u0437\u043d\u0435\u0441\u0430. \u042d\u0444\u0444\u0435\u043a\u0442\u0438\u0432\u043d\u043e\u0435 \u0441\u0440\u0435\u0434\u0441\u0442\u0432\u043e \u0434\u043b\u044f \u0442\u0443\u0448\u0435\u043d\u0438\u044f \u0432\u043e\u0437\u0433\u043e\u0440\u0430\u043d\u0438\u0439 \u043d\u0430 \u043d\u0430\u0447\u0430\u043b\u044c\u043d\u043e\u0439 \u0441\u0442\u0430\u0434\u0438\u0438.","robots":{"index":"index","follow":"follow","max-snippet":"max-snippet:-1","max-image-preview":"max-image-preview:large","max-video-preview":"max-video-preview:-1"},"canonical":"https:\/\/eurovent.ee\/ru\/produkcziya-i-sistemy\/protivopozhar-polotno\/","og_locale":"ru_RU","og_type":"article","og_title":"\u041e\u0433\u043d\u0435\u0442\u0443\u0448\u0430\u0449\u0435\u0435 \u043f\u043e\u043a\u0440\u044b\u0432\u0430\u043b\u043e | EuroVent EST O\u00dc","og_description":"EuroVent O\u00dc \u043f\u0440\u0435\u0434\u043b\u0430\u0433\u0430\u0435\u0442 \u043d\u0430\u0434\u0451\u0436\u043d\u044b\u0435 \u043e\u0433\u043d\u0435\u0442\u0443\u0448\u0430\u0449\u0438\u0435 \u043f\u043e\u043a\u0440\u044b\u0432\u0430\u043b\u0430 \u0434\u043b\u044f \u0434\u043e\u043c\u0430 \u0438 \u0431\u0438\u0437\u043d\u0435\u0441\u0430. \u042d\u0444\u0444\u0435\u043a\u0442\u0438\u0432\u043d\u043e\u0435 \u0441\u0440\u0435\u0434\u0441\u0442\u0432\u043e \u0434\u043b\u044f \u0442\u0443\u0448\u0435\u043d\u0438\u044f \u0432\u043e\u0437\u0433\u043e\u0440\u0430\u043d\u0438\u0439 \u043d\u0430 \u043d\u0430\u0447\u0430\u043b\u044c\u043d\u043e\u0439 \u0441\u0442\u0430\u0434\u0438\u0438.","og_url":"https:\/\/eurovent.ee\/ru\/produkcziya-i-sistemy\/protivopozhar-polotno\/","og_site_name":"Eurovent EST O\u00dc","article_modified_time":"2025-10-12T13:43:17+00:00","og_image":[{"width":1919,"height":1281,"url":"https:\/\/eurovent.ee\/wp-content\/uploads\/2025\/10\/tooted-tulekustutustekk-hero.jpg","type":"image\/jpeg"}],"twitter_card":"summary_large_image","twitter_misc":{"\u041f\u0440\u0438\u043c\u0435\u0440\u043d\u043e\u0435 \u0432\u0440\u0435\u043c\u044f \u0434\u043b\u044f \u0447\u0442\u0435\u043d\u0438\u044f":"1 \u043c\u0438\u043d\u0443\u0442\u0430"},"schema":{"@context":"https:\/\/schema.org","@graph":[{"@type":"WebPage","@id":"https:\/\/eurovent.ee\/ru\/produkcziya-i-sistemy\/protivopozhar-polotno\/","url":"https:\/\/eurovent.ee\/ru\/produkcziya-i-sistemy\/protivopozhar-polotno\/","name":"\u041e\u0433\u043d\u0435\u0442\u0443\u0448\u0430\u0449\u0435\u0435 \u043f\u043e\u043a\u0440\u044b\u0432\u0430\u043b\u043e | EuroVent EST O\u00dc","isPartOf":{"@id":"https:\/\/eurovent.ee\/ru\/#website"},"primaryImageOfPage":{"@id":"https:\/\/eurovent.ee\/ru\/produkcziya-i-sistemy\/protivopozhar-polotno\/#primaryimage"},"image":{"@id":"https:\/\/eurovent.ee\/ru\/produkcziya-i-sistemy\/protivopozhar-polotno\/#primaryimage"},"thumbnailUrl":"https:\/\/eurovent.ee\/wp-content\/uploads\/2025\/10\/tooted-tulekustutustekk-hero.jpg","datePublished":"2025-10-02T07:22:13+00:00","dateModified":"2025-10-12T13:43:17+00:00","description":"EuroVent O\u00dc \u043f\u0440\u0435\u0434\u043b\u0430\u0433\u0430\u0435\u0442 \u043d\u0430\u0434\u0451\u0436\u043d\u044b\u0435 \u043e\u0433\u043d\u0435\u0442\u0443\u0448\u0430\u0449\u0438\u0435 \u043f\u043e\u043a\u0440\u044b\u0432\u0430\u043b\u0430 \u0434\u043b\u044f \u0434\u043e\u043c\u0430 \u0438 \u0431\u0438\u0437\u043d\u0435\u0441\u0430. \u042d\u0444\u0444\u0435\u043a\u0442\u0438\u0432\u043d\u043e\u0435 \u0441\u0440\u0435\u0434\u0441\u0442\u0432\u043e \u0434\u043b\u044f \u0442\u0443\u0448\u0435\u043d\u0438\u044f \u0432\u043e\u0437\u0433\u043e\u0440\u0430\u043d\u0438\u0439 \u043d\u0430 \u043d\u0430\u0447\u0430\u043b\u044c\u043d\u043e\u0439 \u0441\u0442\u0430\u0434\u0438\u0438.","breadcrumb":{"@id":"https:\/\/eurovent.ee\/ru\/produkcziya-i-sistemy\/protivopozhar-polotno\/#breadcrumb"},"inLanguage":"ru-RU","potentialAction":[{"@type":"ReadAction","target":["https:\/\/eurovent.ee\/ru\/produkcziya-i-sistemy\/protivopozhar-polotno\/"]}]},{"@type":"ImageObject","inLanguage":"ru-RU","@id":"https:\/\/eurovent.ee\/ru\/produkcziya-i-sistemy\/protivopozhar-polotno\/#primaryimage","url":"https:\/\/eurovent.ee\/wp-content\/uploads\/2025\/10\/tooted-tulekustutustekk-hero.jpg","contentUrl":"https:\/\/eurovent.ee\/wp-content\/uploads\/2025\/10\/tooted-tulekustutustekk-hero.jpg","width":1919,"height":1281},{"@type":"BreadcrumbList","@id":"https:\/\/eurovent.ee\/ru\/produkcziya-i-sistemy\/protivopozhar-polotno\/#breadcrumb","itemListElement":[{"@type":"ListItem","position":1,"name":"Home","item":"https:\/\/eurovent.ee\/ru\/home\/"},{"@type":"ListItem","position":2,"name":"\u041f\u0440\u043e\u0434\u0443\u043a\u0446\u0438\u044f \u0438 \u0441\u0438\u0441\u0442\u0435\u043c\u044b","item":"https:\/\/eurovent.ee\/ru\/produkcziya-i-sistemy\/"},{"@type":"ListItem","position":3,"name":"\u041f\u0440\u043e\u0442\u0438\u0432\u043e\u043f\u043e\u0436\u0430\u0440\u043d\u043e\u0435 \u043f\u043e\u043b\u043e\u0442\u043d\u043e"}]},{"@type":"WebSite","@id":"https:\/\/eurovent.ee\/ru\/#website","url":"https:\/\/eurovent.ee\/ru\/","name":"Eurovent EST O\u00dc","description":"Spetsialistid suitsueemalduse, tulet\u00f5kkekardinate ja p\u00e4ikeses\u00fcsteemide alal","potentialAction":[{"@type":"SearchAction","target":{"@type":"EntryPoint","urlTemplate":"https:\/\/eurovent.ee\/ru\/?s={search_term_string}"},"query-input":{"@type":"PropertyValueSpecification","valueRequired":true,"valueName":"search_term_string"}}],"inLanguage":"ru-RU"}]}},"_links":{"self":[{"href":"https:\/\/eurovent.ee\/ru\/wp-json\/wp\/v2\/pages\/160654","targetHints":{"allow":["GET"]}}],"collection":[{"href":"https:\/\/eurovent.ee\/ru\/wp-json\/wp\/v2\/pages"}],"about":[{"href":"https:\/\/eurovent.ee\/ru\/wp-json\/wp\/v2\/types\/page"}],"author":[{"embeddable":true,"href":"https:\/\/eurovent.ee\/ru\/wp-json\/wp\/v2\/users\/2"}],"replies":[{"embeddable":true,"href":"https:\/\/eurovent.ee\/ru\/wp-json\/wp\/v2\/comments?post=160654"}],"version-history":[{"count":14,"href":"https:\/\/eurovent.ee\/ru\/wp-json\/wp\/v2\/pages\/160654\/revisions"}],"predecessor-version":[{"id":161134,"href":"https:\/\/eurovent.ee\/ru\/wp-json\/wp\/v2\/pages\/160654\/revisions\/161134"}],"up":[{"embeddable":true,"href":"https:\/\/eurovent.ee\/ru\/wp-json\/wp\/v2\/pages\/160336"}],"wp:featuredmedia":[{"embeddable":true,"href":"https:\/\/eurovent.ee\/ru\/wp-json\/wp\/v2\/media\/160653"}],"wp:attachment":[{"href":"https:\/\/eurovent.ee\/ru\/wp-json\/wp\/v2\/media?parent=160654"}],"curies":[{"name":"wp","href":"https:\/\/api.w.org\/{rel}","templated":true}]}}