{"id":160523,"date":"2025-09-25T21:01:23","date_gmt":"2025-09-25T18:01:23","guid":{"rendered":"https:\/\/eurovent.ee\/%d0%bf%d1%80%d0%be%d0%b4%d1%83%d0%ba%d1%82%d1%8b-%d0%b8-%d1%81%d0%b8%d1%81%d1%82%d0%b5%d0%bc%d1%8b\/"},"modified":"2025-10-06T16:21:30","modified_gmt":"2025-10-06T13:21:30","slug":"%d0%bf%d1%80%d0%be%d0%b4%d1%83%d0%ba%d1%82%d1%8b-%d0%b8-%d1%81%d0%b8%d1%81%d1%82%d0%b5%d0%bc%d1%8b","status":"publish","type":"page","link":"https:\/\/eurovent.ee\/ru\/%d0%bf%d1%80%d0%be%d0%b4%d1%83%d0%ba%d1%82%d1%8b-%d0%b8-%d1%81%d0%b8%d1%81%d1%82%d0%b5%d0%bc%d1%8b\/","title":{"rendered":"\u041f\u0440\u043e\u0434\u0443\u043a\u0442\u044b \u0438 \u0441\u0438\u0441\u0442\u0435\u043c\u044b"},"content":{"rendered":"","protected":false},"excerpt":{"rendered":"","protected":false},"author":1,"featured_media":0,"parent":0,"menu_order":0,"comment_status":"closed","ping_status":"closed","template":"","meta":{"footnotes":""},"class_list":["post-160523","page","type-page","status-publish","hentry"],"yoast_head":"<!-- This site is optimized with the Yoast SEO plugin v27.4 - https:\/\/yoast.com\/product\/yoast-seo-wordpress\/ -->\n<title>\u041f\u0440\u043e\u0434\u0443\u043a\u0442\u044b \u0438 \u0441\u0438\u0441\u0442\u0435\u043c\u044b | Eurovent EST O\u00dc<\/title>\n<meta name=\"robots\" content=\"index, follow, max-snippet:-1, max-image-preview:large, max-video-preview:-1\" \/>\n<link rel=\"canonical\" href=\"https:\/\/eurovent.ee\/ru\/%d0%bf%d1%80%d0%be%d0%b4%d1%83%d0%ba%d1%82%d1%8b-%d0%b8-%d1%81%d0%b8%d1%81%d1%82%d0%b5%d0%bc%d1%8b\/\" \/>\n<meta property=\"og:locale\" content=\"ru_RU\" \/>\n<meta property=\"og:type\" content=\"article\" \/>\n<meta property=\"og:title\" content=\"\u041f\u0440\u043e\u0434\u0443\u043a\u0442\u044b \u0438 \u0441\u0438\u0441\u0442\u0435\u043c\u044b | Eurovent EST O\u00dc\" \/>\n<meta property=\"og:url\" content=\"https:\/\/eurovent.ee\/ru\/%d0%bf%d1%80%d0%be%d0%b4%d1%83%d0%ba%d1%82%d1%8b-%d0%b8-%d1%81%d0%b8%d1%81%d1%82%d0%b5%d0%bc%d1%8b\/\" \/>\n<meta property=\"og:site_name\" content=\"Eurovent EST O\u00dc\" \/>\n<meta property=\"article:modified_time\" content=\"2025-10-06T13:21:30+00:00\" \/>\n<meta name=\"twitter:card\" content=\"summary_large_image\" \/>\n<script type=\"application\/ld+json\" class=\"yoast-schema-graph\">{\"@context\":\"https:\\\/\\\/schema.org\",\"@graph\":[{\"@type\":\"WebPage\",\"@id\":\"https:\\\/\\\/eurovent.ee\\\/ru\\\/%d0%bf%d1%80%d0%be%d0%b4%d1%83%d0%ba%d1%82%d1%8b-%d0%b8-%d1%81%d0%b8%d1%81%d1%82%d0%b5%d0%bc%d1%8b\\\/\",\"url\":\"https:\\\/\\\/eurovent.ee\\\/ru\\\/%d0%bf%d1%80%d0%be%d0%b4%d1%83%d0%ba%d1%82%d1%8b-%d0%b8-%d1%81%d0%b8%d1%81%d1%82%d0%b5%d0%bc%d1%8b\\\/\",\"name\":\"\u041f\u0440\u043e\u0434\u0443\u043a\u0442\u044b \u0438 \u0441\u0438\u0441\u0442\u0435\u043c\u044b | Eurovent EST O\u00dc\",\"isPartOf\":{\"@id\":\"https:\\\/\\\/eurovent.ee\\\/ru\\\/#website\"},\"datePublished\":\"2025-09-25T18:01:23+00:00\",\"dateModified\":\"2025-10-06T13:21:30+00:00\",\"breadcrumb\":{\"@id\":\"https:\\\/\\\/eurovent.ee\\\/ru\\\/%d0%bf%d1%80%d0%be%d0%b4%d1%83%d0%ba%d1%82%d1%8b-%d0%b8-%d1%81%d0%b8%d1%81%d1%82%d0%b5%d0%bc%d1%8b\\\/#breadcrumb\"},\"inLanguage\":\"ru-RU\",\"potentialAction\":[{\"@type\":\"ReadAction\",\"target\":[\"https:\\\/\\\/eurovent.ee\\\/ru\\\/%d0%bf%d1%80%d0%be%d0%b4%d1%83%d0%ba%d1%82%d1%8b-%d0%b8-%d1%81%d0%b8%d1%81%d1%82%d0%b5%d0%bc%d1%8b\\\/\"]}]},{\"@type\":\"BreadcrumbList\",\"@id\":\"https:\\\/\\\/eurovent.ee\\\/ru\\\/%d0%bf%d1%80%d0%be%d0%b4%d1%83%d0%ba%d1%82%d1%8b-%d0%b8-%d1%81%d0%b8%d1%81%d1%82%d0%b5%d0%bc%d1%8b\\\/#breadcrumb\",\"itemListElement\":[{\"@type\":\"ListItem\",\"position\":1,\"name\":\"Home\",\"item\":\"https:\\\/\\\/eurovent.ee\\\/ru\\\/home\\\/\"},{\"@type\":\"ListItem\",\"position\":2,\"name\":\"\u041f\u0440\u043e\u0434\u0443\u043a\u0442\u044b \u0438 \u0441\u0438\u0441\u0442\u0435\u043c\u044b\"}]},{\"@type\":\"WebSite\",\"@id\":\"https:\\\/\\\/eurovent.ee\\\/ru\\\/#website\",\"url\":\"https:\\\/\\\/eurovent.ee\\\/ru\\\/\",\"name\":\"Eurovent EST O\u00dc\",\"description\":\"Spetsialistid suitsueemalduse, tulet\u00f5kkekardinate ja p\u00e4ikeses\u00fcsteemide alal\",\"potentialAction\":[{\"@type\":\"SearchAction\",\"target\":{\"@type\":\"EntryPoint\",\"urlTemplate\":\"https:\\\/\\\/eurovent.ee\\\/ru\\\/?s={search_term_string}\"},\"query-input\":{\"@type\":\"PropertyValueSpecification\",\"valueRequired\":true,\"valueName\":\"search_term_string\"}}],\"inLanguage\":\"ru-RU\"}]}<\/script>\n<!-- \/ Yoast SEO plugin. -->","yoast_head_json":{"title":"\u041f\u0440\u043e\u0434\u0443\u043a\u0442\u044b \u0438 \u0441\u0438\u0441\u0442\u0435\u043c\u044b | Eurovent EST O\u00dc","robots":{"index":"index","follow":"follow","max-snippet":"max-snippet:-1","max-image-preview":"max-image-preview:large","max-video-preview":"max-video-preview:-1"},"canonical":"https:\/\/eurovent.ee\/ru\/%d0%bf%d1%80%d0%be%d0%b4%d1%83%d0%ba%d1%82%d1%8b-%d0%b8-%d1%81%d0%b8%d1%81%d1%82%d0%b5%d0%bc%d1%8b\/","og_locale":"ru_RU","og_type":"article","og_title":"\u041f\u0440\u043e\u0434\u0443\u043a\u0442\u044b \u0438 \u0441\u0438\u0441\u0442\u0435\u043c\u044b | Eurovent EST O\u00dc","og_url":"https:\/\/eurovent.ee\/ru\/%d0%bf%d1%80%d0%be%d0%b4%d1%83%d0%ba%d1%82%d1%8b-%d0%b8-%d1%81%d0%b8%d1%81%d1%82%d0%b5%d0%bc%d1%8b\/","og_site_name":"Eurovent EST O\u00dc","article_modified_time":"2025-10-06T13:21:30+00:00","twitter_card":"summary_large_image","schema":{"@context":"https:\/\/schema.org","@graph":[{"@type":"WebPage","@id":"https:\/\/eurovent.ee\/ru\/%d0%bf%d1%80%d0%be%d0%b4%d1%83%d0%ba%d1%82%d1%8b-%d0%b8-%d1%81%d0%b8%d1%81%d1%82%d0%b5%d0%bc%d1%8b\/","url":"https:\/\/eurovent.ee\/ru\/%d0%bf%d1%80%d0%be%d0%b4%d1%83%d0%ba%d1%82%d1%8b-%d0%b8-%d1%81%d0%b8%d1%81%d1%82%d0%b5%d0%bc%d1%8b\/","name":"\u041f\u0440\u043e\u0434\u0443\u043a\u0442\u044b \u0438 \u0441\u0438\u0441\u0442\u0435\u043c\u044b | Eurovent EST O\u00dc","isPartOf":{"@id":"https:\/\/eurovent.ee\/ru\/#website"},"datePublished":"2025-09-25T18:01:23+00:00","dateModified":"2025-10-06T13:21:30+00:00","breadcrumb":{"@id":"https:\/\/eurovent.ee\/ru\/%d0%bf%d1%80%d0%be%d0%b4%d1%83%d0%ba%d1%82%d1%8b-%d0%b8-%d1%81%d0%b8%d1%81%d1%82%d0%b5%d0%bc%d1%8b\/#breadcrumb"},"inLanguage":"ru-RU","potentialAction":[{"@type":"ReadAction","target":["https:\/\/eurovent.ee\/ru\/%d0%bf%d1%80%d0%be%d0%b4%d1%83%d0%ba%d1%82%d1%8b-%d0%b8-%d1%81%d0%b8%d1%81%d1%82%d0%b5%d0%bc%d1%8b\/"]}]},{"@type":"BreadcrumbList","@id":"https:\/\/eurovent.ee\/ru\/%d0%bf%d1%80%d0%be%d0%b4%d1%83%d0%ba%d1%82%d1%8b-%d0%b8-%d1%81%d0%b8%d1%81%d1%82%d0%b5%d0%bc%d1%8b\/#breadcrumb","itemListElement":[{"@type":"ListItem","position":1,"name":"Home","item":"https:\/\/eurovent.ee\/ru\/home\/"},{"@type":"ListItem","position":2,"name":"\u041f\u0440\u043e\u0434\u0443\u043a\u0442\u044b \u0438 \u0441\u0438\u0441\u0442\u0435\u043c\u044b"}]},{"@type":"WebSite","@id":"https:\/\/eurovent.ee\/ru\/#website","url":"https:\/\/eurovent.ee\/ru\/","name":"Eurovent EST O\u00dc","description":"Spetsialistid suitsueemalduse, tulet\u00f5kkekardinate ja p\u00e4ikeses\u00fcsteemide alal","potentialAction":[{"@type":"SearchAction","target":{"@type":"EntryPoint","urlTemplate":"https:\/\/eurovent.ee\/ru\/?s={search_term_string}"},"query-input":{"@type":"PropertyValueSpecification","valueRequired":true,"valueName":"search_term_string"}}],"inLanguage":"ru-RU"}]}},"_links":{"self":[{"href":"https:\/\/eurovent.ee\/ru\/wp-json\/wp\/v2\/pages\/160523","targetHints":{"allow":["GET"]}}],"collection":[{"href":"https:\/\/eurovent.ee\/ru\/wp-json\/wp\/v2\/pages"}],"about":[{"href":"https:\/\/eurovent.ee\/ru\/wp-json\/wp\/v2\/types\/page"}],"author":[{"embeddable":true,"href":"https:\/\/eurovent.ee\/ru\/wp-json\/wp\/v2\/users\/1"}],"replies":[{"embeddable":true,"href":"https:\/\/eurovent.ee\/ru\/wp-json\/wp\/v2\/comments?post=160523"}],"version-history":[{"count":1,"href":"https:\/\/eurovent.ee\/ru\/wp-json\/wp\/v2\/pages\/160523\/revisions"}],"predecessor-version":[{"id":160524,"href":"https:\/\/eurovent.ee\/ru\/wp-json\/wp\/v2\/pages\/160523\/revisions\/160524"}],"wp:attachment":[{"href":"https:\/\/eurovent.ee\/ru\/wp-json\/wp\/v2\/media?parent=160523"}],"curies":[{"name":"wp","href":"https:\/\/api.w.org\/{rel}","templated":true}]}}