{"id":160394,"date":"2025-08-01T11:16:16","date_gmt":"2025-08-01T08:16:16","guid":{"rendered":"https:\/\/eurovent.ee\/%d0%bf%d1%80%d0%be%d0%b5%d0%ba%d1%82%d1%8b\/"},"modified":"2025-11-10T16:26:13","modified_gmt":"2025-11-10T13:26:13","slug":"projects","status":"publish","type":"page","link":"https:\/\/eurovent.ee\/ru\/projects\/","title":{"rendered":"\u041f\u0440\u043e\u0435\u043a\u0442\u044b"},"content":{"rendered":"<div class=\"wpb-content-wrapper\"><p>[vc_row unlock_row_content=&#187;yes&#187; row_height_percent=&#187;10&#8243; back_color=&#187;accent&#187; overlay_alpha=&#187;50&#8243; gutter_size=&#187;3&#8243; column_width_percent=&#187;100&#8243; shift_y=&#187;0&#8243; z_index=&#187;0&#8243; content_parallax=&#187;0&#8243; uncode_shortcode_id=&#187;172958&#8243; back_color_type=&#187;uncode-palette&#187;][vc_column column_width_percent=&#187;100&#8243; gutter_size=&#187;3&#8243; style=&#187;dark&#187; overlay_alpha=&#187;50&#8243; shift_x=&#187;0&#8243; shift_y=&#187;0&#8243; shift_y_down=&#187;0&#8243; z_index=&#187;0&#8243; medium_width=&#187;0&#8243; mobile_width=&#187;0&#8243; width=&#187;1\/1&#8243; uncode_shortcode_id=&#187;348149&#8243;][\/vc_column][\/vc_row][vc_row unlock_row_content=&#187;yes&#187; row_height_percent=&#187;0&#8243; override_padding=&#187;yes&#187; h_padding=&#187;4&#8243; top_padding=&#187;4&#8243; bottom_padding=&#187;5&#8243; overlay_alpha=&#187;50&#8243; gutter_size=&#187;3&#8243; column_width_percent=&#187;100&#8243; shift_y=&#187;0&#8243; z_index=&#187;0&#8243; changer_back_color=&#187;yes&#187; content_parallax=&#187;0&#8243; uncode_shortcode_id=&#187;515401&#8243;][vc_column column_width_percent=&#187;100&#8243; gutter_size=&#187;3&#8243; overlay_alpha=&#187;50&#8243; shift_x=&#187;0&#8243; shift_y=&#187;0&#8243; shift_y_down=&#187;0&#8243; z_index=&#187;0&#8243; medium_width=&#187;0&#8243; mobile_width=&#187;0&#8243; css_animation=&#187;alpha-anim&#187; animation_speed=&#187;1000&#8243; width=&#187;1\/1&#8243; uncode_shortcode_id=&#187;159292&#8243;][uncode_index el_id=&#187;index-31209-624&#8243; index_type=&#187;custom_grid&#187; custom_grid_content_block_id=&#187;160146&#8243; loop=&#187;size:18|order_by:title|order:ASC|post_type:portfolio|taxonomy_count:10&#8243; portfolio_items=&#187;media|featured|onpost|original,title|-&#187; single_shape=&#187;round&#187; radius=&#187;std&#187; single_overlay_opacity=&#187;50&#8243; single_overlay_anim=&#187;no&#187; single_text_anim=&#187;no&#187; single_image_magnetic=&#187;yes&#187; single_padding=&#187;2&#8243; single_title_dimension=&#187;h3&#8243; single_border=&#187;yes&#187; single_css_animation=&#187;parallax&#187; single_parallax_intensity=&#187;1&#8243; post_matrix=&#187;matrix&#187; matrix_amount=&#187;3&#8243; matrix_items=&#187;eyIwX2kiOnsic2luZ2xlX3dpZHRoIjoiMTIiLCJpbWFnZXNfc2l6ZSI6InNpeHRlZW4tbmluZSIsInNpbmdsZV9oZWlnaHQiOiI5Iiwic2luZ2xlX2Nzc19hbmltYXRpb24iOiIifSwiMV9pIjp7InNpbmdsZV9jc3NfYW5pbWF0aW9uIjoicGFyYWxsYXgiLCJzaW5nbGVfcGFyYWxsYXgiOiJub3JtYWwiLCJzaW5nbGVfcGFyYWxsYXhfaW50ZW5zaXR5IjoiMyIsInNpbmdsZV93aWR0aCI6IjYifSwiMl9pIjp7InNpbmdsZV9jc3NfYW5pbWF0aW9uIjoicGFyYWxsYXgiLCJzaW5nbGVfcGFyYWxsYXhfaW50ZW5zaXR5IjoiNiIsInNpbmdsZV93aWR0aCI6IjYifX0=&#187; uncode_shortcode_id=&#187;181766&#8243;][\/vc_column][\/vc_row]<\/p>\n<\/div>","protected":false},"excerpt":{"rendered":"<p>[vc_row unlock_row_content=&#187;yes&#187; row_height_percent=&#187;10&#8243; back_color=&#187;accent&#187; overlay_alpha=&#187;50&#8243; gutter_size=&#187;3&#8243; column_width_percent=&#187;100&#8243; shift_y=&#187;0&#8243; z_index=&#187;0&#8243; content_parallax=&#187;0&#8243; uncode_shortcode_id=&#187;172958&#8243; back_color_type=&#187;uncode-palette&#187;][vc_column column_width_percent=&#187;100&#8243; gutter_size=&#187;3&#8243; style=&#187;dark&#187; overlay_alpha=&#187;50&#8243; shift_x=&#187;0&#8243; shift_y=&#187;0&#8243; shift_y_down=&#187;0&#8243; z_index=&#187;0&#8243; [&hellip;]<\/p>\n","protected":false},"author":2,"featured_media":0,"parent":0,"menu_order":0,"comment_status":"closed","ping_status":"closed","template":"","meta":{"footnotes":""},"class_list":["post-160394","page","type-page","status-publish","hentry"],"yoast_head":"<!-- This site is optimized with the Yoast SEO plugin v26.3 - https:\/\/yoast.com\/wordpress\/plugins\/seo\/ -->\n<title>\u041f\u0440\u043e\u0435\u043a\u0442\u044b | EuroVent EST O\u00dc<\/title>\n<meta name=\"description\" content=\"\u0421\u043c\u043e\u0442\u0440\u0438\u0442\u0435 \u043f\u0440\u043e\u0435\u043a\u0442\u044b EuroVent O\u00dc \u0432 \u043e\u0431\u043b\u0430\u0441\u0442\u0438 \u0434\u044b\u043c\u043e\u0443\u0434\u0430\u043b\u0435\u043d\u0438\u044f, \u043f\u0440\u043e\u0442\u0438\u0432\u043e\u043f\u043e\u0436\u0430\u0440\u043d\u044b\u0445 \u0438 \u0441\u043e\u043b\u043d\u0446\u0435\u0437\u0430\u0449\u0438\u0442\u043d\u044b\u0445 \u0441\u0438\u0441\u0442\u0435\u043c. \u041a\u0430\u0447\u0435\u0441\u0442\u0432\u0435\u043d\u043d\u044b\u0435 \u0440\u0435\u0448\u0435\u043d\u0438\u044f \u0434\u043b\u044f \u0437\u0434\u0430\u043d\u0438\u0439 \u043f\u043e \u0432\u0441\u0435\u0439 \u042d\u0441\u0442\u043e\u043d\u0438\u0438.\" \/>\n<meta name=\"robots\" content=\"index, follow, max-snippet:-1, max-image-preview:large, max-video-preview:-1\" \/>\n<link rel=\"canonical\" href=\"https:\/\/eurovent.ee\/ru\/projects\/\" \/>\n<meta property=\"og:locale\" content=\"ru_RU\" \/>\n<meta property=\"og:type\" content=\"article\" \/>\n<meta property=\"og:title\" content=\"\u041f\u0440\u043e\u0435\u043a\u0442\u044b | EuroVent EST O\u00dc\" \/>\n<meta property=\"og:description\" content=\"\u0421\u043c\u043e\u0442\u0440\u0438\u0442\u0435 \u043f\u0440\u043e\u0435\u043a\u0442\u044b EuroVent O\u00dc \u0432 \u043e\u0431\u043b\u0430\u0441\u0442\u0438 \u0434\u044b\u043c\u043e\u0443\u0434\u0430\u043b\u0435\u043d\u0438\u044f, \u043f\u0440\u043e\u0442\u0438\u0432\u043e\u043f\u043e\u0436\u0430\u0440\u043d\u044b\u0445 \u0438 \u0441\u043e\u043b\u043d\u0446\u0435\u0437\u0430\u0449\u0438\u0442\u043d\u044b\u0445 \u0441\u0438\u0441\u0442\u0435\u043c. \u041a\u0430\u0447\u0435\u0441\u0442\u0432\u0435\u043d\u043d\u044b\u0435 \u0440\u0435\u0448\u0435\u043d\u0438\u044f \u0434\u043b\u044f \u0437\u0434\u0430\u043d\u0438\u0439 \u043f\u043e \u0432\u0441\u0435\u0439 \u042d\u0441\u0442\u043e\u043d\u0438\u0438.\" \/>\n<meta property=\"og:url\" content=\"https:\/\/eurovent.ee\/ru\/projects\/\" \/>\n<meta property=\"og:site_name\" content=\"Eurovent EST O\u00dc\" \/>\n<meta property=\"article:modified_time\" content=\"2025-11-10T13:26:13+00:00\" \/>\n<meta name=\"twitter:card\" content=\"summary_large_image\" \/>\n<meta name=\"twitter:label1\" content=\"\u041f\u0440\u0438\u043c\u0435\u0440\u043d\u043e\u0435 \u0432\u0440\u0435\u043c\u044f \u0434\u043b\u044f \u0447\u0442\u0435\u043d\u0438\u044f\" \/>\n\t<meta name=\"twitter:data1\" content=\"1 \u043c\u0438\u043d\u0443\u0442\u0430\" \/>\n<script type=\"application\/ld+json\" class=\"yoast-schema-graph\">{\"@context\":\"https:\/\/schema.org\",\"@graph\":[{\"@type\":\"WebPage\",\"@id\":\"https:\/\/eurovent.ee\/ru\/projects\/\",\"url\":\"https:\/\/eurovent.ee\/ru\/projects\/\",\"name\":\"\u041f\u0440\u043e\u0435\u043a\u0442\u044b | EuroVent EST O\u00dc\",\"isPartOf\":{\"@id\":\"https:\/\/eurovent.ee\/ru\/#website\"},\"datePublished\":\"2025-08-01T08:16:16+00:00\",\"dateModified\":\"2025-11-10T13:26:13+00:00\",\"description\":\"\u0421\u043c\u043e\u0442\u0440\u0438\u0442\u0435 \u043f\u0440\u043e\u0435\u043a\u0442\u044b EuroVent O\u00dc \u0432 \u043e\u0431\u043b\u0430\u0441\u0442\u0438 \u0434\u044b\u043c\u043e\u0443\u0434\u0430\u043b\u0435\u043d\u0438\u044f, \u043f\u0440\u043e\u0442\u0438\u0432\u043e\u043f\u043e\u0436\u0430\u0440\u043d\u044b\u0445 \u0438 \u0441\u043e\u043b\u043d\u0446\u0435\u0437\u0430\u0449\u0438\u0442\u043d\u044b\u0445 \u0441\u0438\u0441\u0442\u0435\u043c. \u041a\u0430\u0447\u0435\u0441\u0442\u0432\u0435\u043d\u043d\u044b\u0435 \u0440\u0435\u0448\u0435\u043d\u0438\u044f \u0434\u043b\u044f \u0437\u0434\u0430\u043d\u0438\u0439 \u043f\u043e \u0432\u0441\u0435\u0439 \u042d\u0441\u0442\u043e\u043d\u0438\u0438.\",\"breadcrumb\":{\"@id\":\"https:\/\/eurovent.ee\/ru\/projects\/#breadcrumb\"},\"inLanguage\":\"ru-RU\",\"potentialAction\":[{\"@type\":\"ReadAction\",\"target\":[\"https:\/\/eurovent.ee\/ru\/projects\/\"]}]},{\"@type\":\"BreadcrumbList\",\"@id\":\"https:\/\/eurovent.ee\/ru\/projects\/#breadcrumb\",\"itemListElement\":[{\"@type\":\"ListItem\",\"position\":1,\"name\":\"Home\",\"item\":\"https:\/\/eurovent.ee\/ru\/home\/\"},{\"@type\":\"ListItem\",\"position\":2,\"name\":\"\u041f\u0440\u043e\u0435\u043a\u0442\u044b\"}]},{\"@type\":\"WebSite\",\"@id\":\"https:\/\/eurovent.ee\/ru\/#website\",\"url\":\"https:\/\/eurovent.ee\/ru\/\",\"name\":\"Eurovent EST O\u00dc\",\"description\":\"Spetsialistid suitsueemalduse, tulet\u00f5kkekardinate ja p\u00e4ikeses\u00fcsteemide alal\",\"potentialAction\":[{\"@type\":\"SearchAction\",\"target\":{\"@type\":\"EntryPoint\",\"urlTemplate\":\"https:\/\/eurovent.ee\/ru\/?s={search_term_string}\"},\"query-input\":{\"@type\":\"PropertyValueSpecification\",\"valueRequired\":true,\"valueName\":\"search_term_string\"}}],\"inLanguage\":\"ru-RU\"}]}<\/script>\n<!-- \/ Yoast SEO plugin. -->","yoast_head_json":{"title":"\u041f\u0440\u043e\u0435\u043a\u0442\u044b | EuroVent EST O\u00dc","description":"\u0421\u043c\u043e\u0442\u0440\u0438\u0442\u0435 \u043f\u0440\u043e\u0435\u043a\u0442\u044b EuroVent O\u00dc \u0432 \u043e\u0431\u043b\u0430\u0441\u0442\u0438 \u0434\u044b\u043c\u043e\u0443\u0434\u0430\u043b\u0435\u043d\u0438\u044f, \u043f\u0440\u043e\u0442\u0438\u0432\u043e\u043f\u043e\u0436\u0430\u0440\u043d\u044b\u0445 \u0438 \u0441\u043e\u043b\u043d\u0446\u0435\u0437\u0430\u0449\u0438\u0442\u043d\u044b\u0445 \u0441\u0438\u0441\u0442\u0435\u043c. \u041a\u0430\u0447\u0435\u0441\u0442\u0432\u0435\u043d\u043d\u044b\u0435 \u0440\u0435\u0448\u0435\u043d\u0438\u044f \u0434\u043b\u044f \u0437\u0434\u0430\u043d\u0438\u0439 \u043f\u043e \u0432\u0441\u0435\u0439 \u042d\u0441\u0442\u043e\u043d\u0438\u0438.","robots":{"index":"index","follow":"follow","max-snippet":"max-snippet:-1","max-image-preview":"max-image-preview:large","max-video-preview":"max-video-preview:-1"},"canonical":"https:\/\/eurovent.ee\/ru\/projects\/","og_locale":"ru_RU","og_type":"article","og_title":"\u041f\u0440\u043e\u0435\u043a\u0442\u044b | EuroVent EST O\u00dc","og_description":"\u0421\u043c\u043e\u0442\u0440\u0438\u0442\u0435 \u043f\u0440\u043e\u0435\u043a\u0442\u044b EuroVent O\u00dc \u0432 \u043e\u0431\u043b\u0430\u0441\u0442\u0438 \u0434\u044b\u043c\u043e\u0443\u0434\u0430\u043b\u0435\u043d\u0438\u044f, \u043f\u0440\u043e\u0442\u0438\u0432\u043e\u043f\u043e\u0436\u0430\u0440\u043d\u044b\u0445 \u0438 \u0441\u043e\u043b\u043d\u0446\u0435\u0437\u0430\u0449\u0438\u0442\u043d\u044b\u0445 \u0441\u0438\u0441\u0442\u0435\u043c. \u041a\u0430\u0447\u0435\u0441\u0442\u0432\u0435\u043d\u043d\u044b\u0435 \u0440\u0435\u0448\u0435\u043d\u0438\u044f \u0434\u043b\u044f \u0437\u0434\u0430\u043d\u0438\u0439 \u043f\u043e \u0432\u0441\u0435\u0439 \u042d\u0441\u0442\u043e\u043d\u0438\u0438.","og_url":"https:\/\/eurovent.ee\/ru\/projects\/","og_site_name":"Eurovent EST O\u00dc","article_modified_time":"2025-11-10T13:26:13+00:00","twitter_card":"summary_large_image","twitter_misc":{"\u041f\u0440\u0438\u043c\u0435\u0440\u043d\u043e\u0435 \u0432\u0440\u0435\u043c\u044f \u0434\u043b\u044f \u0447\u0442\u0435\u043d\u0438\u044f":"1 \u043c\u0438\u043d\u0443\u0442\u0430"},"schema":{"@context":"https:\/\/schema.org","@graph":[{"@type":"WebPage","@id":"https:\/\/eurovent.ee\/ru\/projects\/","url":"https:\/\/eurovent.ee\/ru\/projects\/","name":"\u041f\u0440\u043e\u0435\u043a\u0442\u044b | EuroVent EST O\u00dc","isPartOf":{"@id":"https:\/\/eurovent.ee\/ru\/#website"},"datePublished":"2025-08-01T08:16:16+00:00","dateModified":"2025-11-10T13:26:13+00:00","description":"\u0421\u043c\u043e\u0442\u0440\u0438\u0442\u0435 \u043f\u0440\u043e\u0435\u043a\u0442\u044b EuroVent O\u00dc \u0432 \u043e\u0431\u043b\u0430\u0441\u0442\u0438 \u0434\u044b\u043c\u043e\u0443\u0434\u0430\u043b\u0435\u043d\u0438\u044f, \u043f\u0440\u043e\u0442\u0438\u0432\u043e\u043f\u043e\u0436\u0430\u0440\u043d\u044b\u0445 \u0438 \u0441\u043e\u043b\u043d\u0446\u0435\u0437\u0430\u0449\u0438\u0442\u043d\u044b\u0445 \u0441\u0438\u0441\u0442\u0435\u043c. \u041a\u0430\u0447\u0435\u0441\u0442\u0432\u0435\u043d\u043d\u044b\u0435 \u0440\u0435\u0448\u0435\u043d\u0438\u044f \u0434\u043b\u044f \u0437\u0434\u0430\u043d\u0438\u0439 \u043f\u043e \u0432\u0441\u0435\u0439 \u042d\u0441\u0442\u043e\u043d\u0438\u0438.","breadcrumb":{"@id":"https:\/\/eurovent.ee\/ru\/projects\/#breadcrumb"},"inLanguage":"ru-RU","potentialAction":[{"@type":"ReadAction","target":["https:\/\/eurovent.ee\/ru\/projects\/"]}]},{"@type":"BreadcrumbList","@id":"https:\/\/eurovent.ee\/ru\/projects\/#breadcrumb","itemListElement":[{"@type":"ListItem","position":1,"name":"Home","item":"https:\/\/eurovent.ee\/ru\/home\/"},{"@type":"ListItem","position":2,"name":"\u041f\u0440\u043e\u0435\u043a\u0442\u044b"}]},{"@type":"WebSite","@id":"https:\/\/eurovent.ee\/ru\/#website","url":"https:\/\/eurovent.ee\/ru\/","name":"Eurovent EST O\u00dc","description":"Spetsialistid suitsueemalduse, tulet\u00f5kkekardinate ja p\u00e4ikeses\u00fcsteemide alal","potentialAction":[{"@type":"SearchAction","target":{"@type":"EntryPoint","urlTemplate":"https:\/\/eurovent.ee\/ru\/?s={search_term_string}"},"query-input":{"@type":"PropertyValueSpecification","valueRequired":true,"valueName":"search_term_string"}}],"inLanguage":"ru-RU"}]}},"_links":{"self":[{"href":"https:\/\/eurovent.ee\/ru\/wp-json\/wp\/v2\/pages\/160394","targetHints":{"allow":["GET"]}}],"collection":[{"href":"https:\/\/eurovent.ee\/ru\/wp-json\/wp\/v2\/pages"}],"about":[{"href":"https:\/\/eurovent.ee\/ru\/wp-json\/wp\/v2\/types\/page"}],"author":[{"embeddable":true,"href":"https:\/\/eurovent.ee\/ru\/wp-json\/wp\/v2\/users\/2"}],"replies":[{"embeddable":true,"href":"https:\/\/eurovent.ee\/ru\/wp-json\/wp\/v2\/comments?post=160394"}],"version-history":[{"count":5,"href":"https:\/\/eurovent.ee\/ru\/wp-json\/wp\/v2\/pages\/160394\/revisions"}],"predecessor-version":[{"id":160680,"href":"https:\/\/eurovent.ee\/ru\/wp-json\/wp\/v2\/pages\/160394\/revisions\/160680"}],"wp:attachment":[{"href":"https:\/\/eurovent.ee\/ru\/wp-json\/wp\/v2\/media?parent=160394"}],"curies":[{"name":"wp","href":"https:\/\/api.w.org\/{rel}","templated":true}]}}