{"id":160336,"date":"2025-07-31T17:59:12","date_gmt":"2025-07-31T14:59:12","guid":{"rendered":"https:\/\/eurovent.ee\/%d0%bf%d1%80%d0%be%d0%b4%d1%83%d0%ba%d1%82%d1%8b\/"},"modified":"2025-10-12T16:15:17","modified_gmt":"2025-10-12T13:15:17","slug":"produkcziya-i-sistemy","status":"publish","type":"page","link":"https:\/\/eurovent.ee\/ru\/produkcziya-i-sistemy\/","title":{"rendered":"\u041f\u0440\u043e\u0434\u0443\u043a\u0446\u0438\u044f \u0438 \u0441\u0438\u0441\u0442\u0435\u043c\u044b"},"content":{"rendered":"<div class=\"wpb-content-wrapper\"><p>[vc_row unlock_row_content=&#187;yes&#187; row_height_percent=&#187;5&#8243; back_color=&#187;accent&#187; overlay_alpha=&#187;50&#8243; gutter_size=&#187;3&#8243; column_width_percent=&#187;100&#8243; shift_y=&#187;0&#8243; z_index=&#187;0&#8243; content_parallax=&#187;0&#8243; uncode_shortcode_id=&#187;696123&#8243; back_color_type=&#187;uncode-palette&#187;][vc_column column_width_percent=&#187;100&#8243; gutter_size=&#187;3&#8243; style=&#187;dark&#187; overlay_alpha=&#187;50&#8243; shift_x=&#187;0&#8243; shift_y=&#187;0&#8243; shift_y_down=&#187;0&#8243; z_index=&#187;0&#8243; medium_width=&#187;0&#8243; mobile_width=&#187;0&#8243; width=&#187;1\/1&#8243; uncode_shortcode_id=&#187;348149&#8243;][\/vc_column][\/vc_row][vc_row unlock_row_content=&#187;yes&#187; row_height_percent=&#187;0&#8243; override_padding=&#187;yes&#187; h_padding=&#187;4&#8243; top_padding=&#187;5&#8243; bottom_padding=&#187;5&#8243; overlay_alpha=&#187;50&#8243; gutter_size=&#187;2&#8243; column_width_percent=&#187;100&#8243; shift_y=&#187;0&#8243; z_index=&#187;0&#8243; content_parallax=&#187;0&#8243; uncode_shortcode_id=&#187;106812&#8243;][vc_column column_width_percent=&#187;100&#8243; gutter_size=&#187;4&#8243; overlay_alpha=&#187;50&#8243; shift_x=&#187;0&#8243; shift_y=&#187;0&#8243; shift_y_down=&#187;0&#8243; z_index=&#187;0&#8243; medium_width=&#187;0&#8243; mobile_width=&#187;0&#8243; css_animation=&#187;alpha-anim&#187; animation_speed=&#187;1000&#8243; width=&#187;1\/1&#8243; uncode_shortcode_id=&#187;174942&#8243; css=&#187;.vc_custom_1754124147939{padding-bottom: 0px !important;}&#187;][uncode_index el_id=&#187;index-9031663489&#8243; index_type=&#187;css_grid&#187; loop=&#187;size:11|order_by:title|post_type:page|tax_query:49|taxonomy_count:10&#8243; grid_items=&#187;3&#8243; screen_lg_items=&#187;3&#8243; screen_lg_breakpoint=&#187;1000&#8243; screen_md_items=&#187;2&#8243; screen_md_breakpoint=&#187;600&#8243; screen_sm_items=&#187;1&#8243; screen_sm_breakpoint=&#187;480&#8243; gutter_size=&#187;3&#8243; css_grid_images_size=&#187;four-three&#187; single_shape=&#187;round&#187; radius=&#187;std&#187; single_overlay_color=&#187;color-nhtu&#187; single_overlay_coloration=&#187;bottom_gradient&#187; single_overlay_opacity=&#187;50&#8243; single_overlay_visible=&#187;yes&#187; single_text_visible=&#187;yes&#187; single_text_anim=&#187;no&#187; single_image_magnetic=&#187;yes&#187; single_padding=&#187;1&#8243; single_text_reduced=&#187;yes&#187; single_title_dimension=&#187;h3&#8243; single_border=&#187;yes&#187; lbox_skin=&#187;white&#187; uncode_shortcode_id=&#187;151528&#8243; items=&#187;eyI0MDc4X2kiOnsic2luZ2xlX3RleHQiOiJ1bmRlciJ9fQ==&#187; order_ids=&#187;159518,159483,159689,159757,159751,159761,159740,159716&#8243;][\/vc_column][\/vc_row]<\/p>\n<\/div>","protected":false},"excerpt":{"rendered":"<p>[vc_row unlock_row_content=&#187;yes&#187; row_height_percent=&#187;5&#8243; back_color=&#187;accent&#187; overlay_alpha=&#187;50&#8243; gutter_size=&#187;3&#8243; column_width_percent=&#187;100&#8243; shift_y=&#187;0&#8243; z_index=&#187;0&#8243; content_parallax=&#187;0&#8243; uncode_shortcode_id=&#187;696123&#8243; back_color_type=&#187;uncode-palette&#187;][vc_column column_width_percent=&#187;100&#8243; gutter_size=&#187;3&#8243; style=&#187;dark&#187; overlay_alpha=&#187;50&#8243; shift_x=&#187;0&#8243; shift_y=&#187;0&#8243; shift_y_down=&#187;0&#8243; z_index=&#187;0&#8243; [&hellip;]<\/p>\n","protected":false},"author":2,"featured_media":0,"parent":0,"menu_order":0,"comment_status":"closed","ping_status":"closed","template":"","meta":{"footnotes":""},"class_list":["post-160336","page","type-page","status-publish","hentry"],"yoast_head":"<!-- This site is optimized with the Yoast SEO plugin v26.3 - https:\/\/yoast.com\/wordpress\/plugins\/seo\/ -->\n<title>\u041f\u0440\u043e\u0434\u0443\u043a\u0446\u0438\u044f \u0438 \u0441\u0438\u0441\u0442\u0435\u043c\u044b | EuroVent EST O\u00dc<\/title>\n<meta name=\"description\" content=\"EuroVent EST O\u00dc \u2013 \u043f\u0440\u043e\u0435\u043a\u0442\u0438\u0440\u043e\u0432\u0430\u043d\u0438\u0435, \u043f\u0440\u043e\u0434\u0430\u0436\u0430, \u043c\u043e\u043d\u0442\u0430\u0436 \u0438 \u043e\u0431\u0441\u043b\u0443\u0436\u0438\u0432\u0430\u043d\u0438\u0435 \u0441\u0438\u0441\u0442\u0435\u043c \u0434\u044b\u043c\u043e\u0443\u0434\u0430\u043b\u0435\u043d\u0438\u044f, \u043f\u0440\u043e\u0442\u0438\u0432\u043e\u043f\u043e\u0436\u0430\u0440\u043d\u043e\u0439 \u0437\u0430\u0449\u0438\u0442\u044b, \u0434\u044b\u043c\u043e\u0437\u0430\u0449\u0438\u0442\u043d\u044b\u0445 \u0437\u0430\u0432\u0435\u0441 \u0438 \u0441\u043e\u043b\u043d\u0446\u0435\u0437\u0430\u0449\u0438\u0442\u043d\u044b\u0445 \u0441\u0438\u0441\u0442\u0435\u043c \u0441 1999 \u0433\u043e\u0434\u0430. \u0421\u043f\u0435\u0446\u0438\u0430\u043b\u0438\u0441\u0442\u044b \u043f\u043e \u043f\u043e\u0436\u0430\u0440\u043d\u043e\u0439 \u0431\u0435\u0437\u043e\u043f\u0430\u0441\u043d\u043e\u0441\u0442\u0438 \u0438 \u0432\u0435\u043d\u0442\u0438\u043b\u044f\u0446\u0438\u0438.\" \/>\n<meta name=\"robots\" content=\"index, follow, max-snippet:-1, max-image-preview:large, max-video-preview:-1\" \/>\n<link rel=\"canonical\" href=\"https:\/\/eurovent.ee\/ru\/produkcziya-i-sistemy\/\" \/>\n<meta property=\"og:locale\" content=\"ru_RU\" \/>\n<meta property=\"og:type\" content=\"article\" \/>\n<meta property=\"og:title\" content=\"\u041f\u0440\u043e\u0434\u0443\u043a\u0446\u0438\u044f \u0438 \u0441\u0438\u0441\u0442\u0435\u043c\u044b | EuroVent EST O\u00dc\" \/>\n<meta property=\"og:description\" content=\"EuroVent EST O\u00dc \u2013 \u043f\u0440\u043e\u0435\u043a\u0442\u0438\u0440\u043e\u0432\u0430\u043d\u0438\u0435, \u043f\u0440\u043e\u0434\u0430\u0436\u0430, \u043c\u043e\u043d\u0442\u0430\u0436 \u0438 \u043e\u0431\u0441\u043b\u0443\u0436\u0438\u0432\u0430\u043d\u0438\u0435 \u0441\u0438\u0441\u0442\u0435\u043c \u0434\u044b\u043c\u043e\u0443\u0434\u0430\u043b\u0435\u043d\u0438\u044f, \u043f\u0440\u043e\u0442\u0438\u0432\u043e\u043f\u043e\u0436\u0430\u0440\u043d\u043e\u0439 \u0437\u0430\u0449\u0438\u0442\u044b, \u0434\u044b\u043c\u043e\u0437\u0430\u0449\u0438\u0442\u043d\u044b\u0445 \u0437\u0430\u0432\u0435\u0441 \u0438 \u0441\u043e\u043b\u043d\u0446\u0435\u0437\u0430\u0449\u0438\u0442\u043d\u044b\u0445 \u0441\u0438\u0441\u0442\u0435\u043c \u0441 1999 \u0433\u043e\u0434\u0430. \u0421\u043f\u0435\u0446\u0438\u0430\u043b\u0438\u0441\u0442\u044b \u043f\u043e \u043f\u043e\u0436\u0430\u0440\u043d\u043e\u0439 \u0431\u0435\u0437\u043e\u043f\u0430\u0441\u043d\u043e\u0441\u0442\u0438 \u0438 \u0432\u0435\u043d\u0442\u0438\u043b\u044f\u0446\u0438\u0438.\" \/>\n<meta property=\"og:url\" content=\"https:\/\/eurovent.ee\/ru\/produkcziya-i-sistemy\/\" \/>\n<meta property=\"og:site_name\" content=\"Eurovent EST O\u00dc\" \/>\n<meta property=\"article:modified_time\" content=\"2025-10-12T13:15:17+00:00\" \/>\n<meta name=\"twitter:card\" content=\"summary_large_image\" \/>\n<meta name=\"twitter:label1\" content=\"\u041f\u0440\u0438\u043c\u0435\u0440\u043d\u043e\u0435 \u0432\u0440\u0435\u043c\u044f \u0434\u043b\u044f \u0447\u0442\u0435\u043d\u0438\u044f\" \/>\n\t<meta name=\"twitter:data1\" content=\"1 \u043c\u0438\u043d\u0443\u0442\u0430\" \/>\n<script type=\"application\/ld+json\" class=\"yoast-schema-graph\">{\"@context\":\"https:\/\/schema.org\",\"@graph\":[{\"@type\":\"WebPage\",\"@id\":\"https:\/\/eurovent.ee\/ru\/produkcziya-i-sistemy\/\",\"url\":\"https:\/\/eurovent.ee\/ru\/produkcziya-i-sistemy\/\",\"name\":\"\u041f\u0440\u043e\u0434\u0443\u043a\u0446\u0438\u044f \u0438 \u0441\u0438\u0441\u0442\u0435\u043c\u044b | EuroVent EST O\u00dc\",\"isPartOf\":{\"@id\":\"https:\/\/eurovent.ee\/ru\/#website\"},\"datePublished\":\"2025-07-31T14:59:12+00:00\",\"dateModified\":\"2025-10-12T13:15:17+00:00\",\"description\":\"EuroVent EST O\u00dc \u2013 \u043f\u0440\u043e\u0435\u043a\u0442\u0438\u0440\u043e\u0432\u0430\u043d\u0438\u0435, \u043f\u0440\u043e\u0434\u0430\u0436\u0430, \u043c\u043e\u043d\u0442\u0430\u0436 \u0438 \u043e\u0431\u0441\u043b\u0443\u0436\u0438\u0432\u0430\u043d\u0438\u0435 \u0441\u0438\u0441\u0442\u0435\u043c \u0434\u044b\u043c\u043e\u0443\u0434\u0430\u043b\u0435\u043d\u0438\u044f, \u043f\u0440\u043e\u0442\u0438\u0432\u043e\u043f\u043e\u0436\u0430\u0440\u043d\u043e\u0439 \u0437\u0430\u0449\u0438\u0442\u044b, \u0434\u044b\u043c\u043e\u0437\u0430\u0449\u0438\u0442\u043d\u044b\u0445 \u0437\u0430\u0432\u0435\u0441 \u0438 \u0441\u043e\u043b\u043d\u0446\u0435\u0437\u0430\u0449\u0438\u0442\u043d\u044b\u0445 \u0441\u0438\u0441\u0442\u0435\u043c \u0441 1999 \u0433\u043e\u0434\u0430. \u0421\u043f\u0435\u0446\u0438\u0430\u043b\u0438\u0441\u0442\u044b \u043f\u043e \u043f\u043e\u0436\u0430\u0440\u043d\u043e\u0439 \u0431\u0435\u0437\u043e\u043f\u0430\u0441\u043d\u043e\u0441\u0442\u0438 \u0438 \u0432\u0435\u043d\u0442\u0438\u043b\u044f\u0446\u0438\u0438.\",\"breadcrumb\":{\"@id\":\"https:\/\/eurovent.ee\/ru\/produkcziya-i-sistemy\/#breadcrumb\"},\"inLanguage\":\"ru-RU\",\"potentialAction\":[{\"@type\":\"ReadAction\",\"target\":[\"https:\/\/eurovent.ee\/ru\/produkcziya-i-sistemy\/\"]}]},{\"@type\":\"BreadcrumbList\",\"@id\":\"https:\/\/eurovent.ee\/ru\/produkcziya-i-sistemy\/#breadcrumb\",\"itemListElement\":[{\"@type\":\"ListItem\",\"position\":1,\"name\":\"Home\",\"item\":\"https:\/\/eurovent.ee\/ru\/home\/\"},{\"@type\":\"ListItem\",\"position\":2,\"name\":\"\u041f\u0440\u043e\u0434\u0443\u043a\u0446\u0438\u044f \u0438 \u0441\u0438\u0441\u0442\u0435\u043c\u044b\"}]},{\"@type\":\"WebSite\",\"@id\":\"https:\/\/eurovent.ee\/ru\/#website\",\"url\":\"https:\/\/eurovent.ee\/ru\/\",\"name\":\"Eurovent EST O\u00dc\",\"description\":\"Spetsialistid suitsueemalduse, tulet\u00f5kkekardinate ja p\u00e4ikeses\u00fcsteemide alal\",\"potentialAction\":[{\"@type\":\"SearchAction\",\"target\":{\"@type\":\"EntryPoint\",\"urlTemplate\":\"https:\/\/eurovent.ee\/ru\/?s={search_term_string}\"},\"query-input\":{\"@type\":\"PropertyValueSpecification\",\"valueRequired\":true,\"valueName\":\"search_term_string\"}}],\"inLanguage\":\"ru-RU\"}]}<\/script>\n<!-- \/ Yoast SEO plugin. -->","yoast_head_json":{"title":"\u041f\u0440\u043e\u0434\u0443\u043a\u0446\u0438\u044f \u0438 \u0441\u0438\u0441\u0442\u0435\u043c\u044b | EuroVent EST O\u00dc","description":"EuroVent EST O\u00dc \u2013 \u043f\u0440\u043e\u0435\u043a\u0442\u0438\u0440\u043e\u0432\u0430\u043d\u0438\u0435, \u043f\u0440\u043e\u0434\u0430\u0436\u0430, \u043c\u043e\u043d\u0442\u0430\u0436 \u0438 \u043e\u0431\u0441\u043b\u0443\u0436\u0438\u0432\u0430\u043d\u0438\u0435 \u0441\u0438\u0441\u0442\u0435\u043c \u0434\u044b\u043c\u043e\u0443\u0434\u0430\u043b\u0435\u043d\u0438\u044f, \u043f\u0440\u043e\u0442\u0438\u0432\u043e\u043f\u043e\u0436\u0430\u0440\u043d\u043e\u0439 \u0437\u0430\u0449\u0438\u0442\u044b, \u0434\u044b\u043c\u043e\u0437\u0430\u0449\u0438\u0442\u043d\u044b\u0445 \u0437\u0430\u0432\u0435\u0441 \u0438 \u0441\u043e\u043b\u043d\u0446\u0435\u0437\u0430\u0449\u0438\u0442\u043d\u044b\u0445 \u0441\u0438\u0441\u0442\u0435\u043c \u0441 1999 \u0433\u043e\u0434\u0430. \u0421\u043f\u0435\u0446\u0438\u0430\u043b\u0438\u0441\u0442\u044b \u043f\u043e \u043f\u043e\u0436\u0430\u0440\u043d\u043e\u0439 \u0431\u0435\u0437\u043e\u043f\u0430\u0441\u043d\u043e\u0441\u0442\u0438 \u0438 \u0432\u0435\u043d\u0442\u0438\u043b\u044f\u0446\u0438\u0438.","robots":{"index":"index","follow":"follow","max-snippet":"max-snippet:-1","max-image-preview":"max-image-preview:large","max-video-preview":"max-video-preview:-1"},"canonical":"https:\/\/eurovent.ee\/ru\/produkcziya-i-sistemy\/","og_locale":"ru_RU","og_type":"article","og_title":"\u041f\u0440\u043e\u0434\u0443\u043a\u0446\u0438\u044f \u0438 \u0441\u0438\u0441\u0442\u0435\u043c\u044b | EuroVent EST O\u00dc","og_description":"EuroVent EST O\u00dc \u2013 \u043f\u0440\u043e\u0435\u043a\u0442\u0438\u0440\u043e\u0432\u0430\u043d\u0438\u0435, \u043f\u0440\u043e\u0434\u0430\u0436\u0430, \u043c\u043e\u043d\u0442\u0430\u0436 \u0438 \u043e\u0431\u0441\u043b\u0443\u0436\u0438\u0432\u0430\u043d\u0438\u0435 \u0441\u0438\u0441\u0442\u0435\u043c \u0434\u044b\u043c\u043e\u0443\u0434\u0430\u043b\u0435\u043d\u0438\u044f, \u043f\u0440\u043e\u0442\u0438\u0432\u043e\u043f\u043e\u0436\u0430\u0440\u043d\u043e\u0439 \u0437\u0430\u0449\u0438\u0442\u044b, \u0434\u044b\u043c\u043e\u0437\u0430\u0449\u0438\u0442\u043d\u044b\u0445 \u0437\u0430\u0432\u0435\u0441 \u0438 \u0441\u043e\u043b\u043d\u0446\u0435\u0437\u0430\u0449\u0438\u0442\u043d\u044b\u0445 \u0441\u0438\u0441\u0442\u0435\u043c \u0441 1999 \u0433\u043e\u0434\u0430. \u0421\u043f\u0435\u0446\u0438\u0430\u043b\u0438\u0441\u0442\u044b \u043f\u043e \u043f\u043e\u0436\u0430\u0440\u043d\u043e\u0439 \u0431\u0435\u0437\u043e\u043f\u0430\u0441\u043d\u043e\u0441\u0442\u0438 \u0438 \u0432\u0435\u043d\u0442\u0438\u043b\u044f\u0446\u0438\u0438.","og_url":"https:\/\/eurovent.ee\/ru\/produkcziya-i-sistemy\/","og_site_name":"Eurovent EST O\u00dc","article_modified_time":"2025-10-12T13:15:17+00:00","twitter_card":"summary_large_image","twitter_misc":{"\u041f\u0440\u0438\u043c\u0435\u0440\u043d\u043e\u0435 \u0432\u0440\u0435\u043c\u044f \u0434\u043b\u044f \u0447\u0442\u0435\u043d\u0438\u044f":"1 \u043c\u0438\u043d\u0443\u0442\u0430"},"schema":{"@context":"https:\/\/schema.org","@graph":[{"@type":"WebPage","@id":"https:\/\/eurovent.ee\/ru\/produkcziya-i-sistemy\/","url":"https:\/\/eurovent.ee\/ru\/produkcziya-i-sistemy\/","name":"\u041f\u0440\u043e\u0434\u0443\u043a\u0446\u0438\u044f \u0438 \u0441\u0438\u0441\u0442\u0435\u043c\u044b | EuroVent EST O\u00dc","isPartOf":{"@id":"https:\/\/eurovent.ee\/ru\/#website"},"datePublished":"2025-07-31T14:59:12+00:00","dateModified":"2025-10-12T13:15:17+00:00","description":"EuroVent EST O\u00dc \u2013 \u043f\u0440\u043e\u0435\u043a\u0442\u0438\u0440\u043e\u0432\u0430\u043d\u0438\u0435, \u043f\u0440\u043e\u0434\u0430\u0436\u0430, \u043c\u043e\u043d\u0442\u0430\u0436 \u0438 \u043e\u0431\u0441\u043b\u0443\u0436\u0438\u0432\u0430\u043d\u0438\u0435 \u0441\u0438\u0441\u0442\u0435\u043c \u0434\u044b\u043c\u043e\u0443\u0434\u0430\u043b\u0435\u043d\u0438\u044f, \u043f\u0440\u043e\u0442\u0438\u0432\u043e\u043f\u043e\u0436\u0430\u0440\u043d\u043e\u0439 \u0437\u0430\u0449\u0438\u0442\u044b, \u0434\u044b\u043c\u043e\u0437\u0430\u0449\u0438\u0442\u043d\u044b\u0445 \u0437\u0430\u0432\u0435\u0441 \u0438 \u0441\u043e\u043b\u043d\u0446\u0435\u0437\u0430\u0449\u0438\u0442\u043d\u044b\u0445 \u0441\u0438\u0441\u0442\u0435\u043c \u0441 1999 \u0433\u043e\u0434\u0430. \u0421\u043f\u0435\u0446\u0438\u0430\u043b\u0438\u0441\u0442\u044b \u043f\u043e \u043f\u043e\u0436\u0430\u0440\u043d\u043e\u0439 \u0431\u0435\u0437\u043e\u043f\u0430\u0441\u043d\u043e\u0441\u0442\u0438 \u0438 \u0432\u0435\u043d\u0442\u0438\u043b\u044f\u0446\u0438\u0438.","breadcrumb":{"@id":"https:\/\/eurovent.ee\/ru\/produkcziya-i-sistemy\/#breadcrumb"},"inLanguage":"ru-RU","potentialAction":[{"@type":"ReadAction","target":["https:\/\/eurovent.ee\/ru\/produkcziya-i-sistemy\/"]}]},{"@type":"BreadcrumbList","@id":"https:\/\/eurovent.ee\/ru\/produkcziya-i-sistemy\/#breadcrumb","itemListElement":[{"@type":"ListItem","position":1,"name":"Home","item":"https:\/\/eurovent.ee\/ru\/home\/"},{"@type":"ListItem","position":2,"name":"\u041f\u0440\u043e\u0434\u0443\u043a\u0446\u0438\u044f \u0438 \u0441\u0438\u0441\u0442\u0435\u043c\u044b"}]},{"@type":"WebSite","@id":"https:\/\/eurovent.ee\/ru\/#website","url":"https:\/\/eurovent.ee\/ru\/","name":"Eurovent EST O\u00dc","description":"Spetsialistid suitsueemalduse, tulet\u00f5kkekardinate ja p\u00e4ikeses\u00fcsteemide alal","potentialAction":[{"@type":"SearchAction","target":{"@type":"EntryPoint","urlTemplate":"https:\/\/eurovent.ee\/ru\/?s={search_term_string}"},"query-input":{"@type":"PropertyValueSpecification","valueRequired":true,"valueName":"search_term_string"}}],"inLanguage":"ru-RU"}]}},"_links":{"self":[{"href":"https:\/\/eurovent.ee\/ru\/wp-json\/wp\/v2\/pages\/160336","targetHints":{"allow":["GET"]}}],"collection":[{"href":"https:\/\/eurovent.ee\/ru\/wp-json\/wp\/v2\/pages"}],"about":[{"href":"https:\/\/eurovent.ee\/ru\/wp-json\/wp\/v2\/types\/page"}],"author":[{"embeddable":true,"href":"https:\/\/eurovent.ee\/ru\/wp-json\/wp\/v2\/users\/2"}],"replies":[{"embeddable":true,"href":"https:\/\/eurovent.ee\/ru\/wp-json\/wp\/v2\/comments?post=160336"}],"version-history":[{"count":11,"href":"https:\/\/eurovent.ee\/ru\/wp-json\/wp\/v2\/pages\/160336\/revisions"}],"predecessor-version":[{"id":160993,"href":"https:\/\/eurovent.ee\/ru\/wp-json\/wp\/v2\/pages\/160336\/revisions\/160993"}],"wp:attachment":[{"href":"https:\/\/eurovent.ee\/ru\/wp-json\/wp\/v2\/media?parent=160336"}],"curies":[{"name":"wp","href":"https:\/\/api.w.org\/{rel}","templated":true}]}}