{"id":160305,"date":"2025-07-21T16:42:44","date_gmt":"2025-07-21T13:42:44","guid":{"rendered":"https:\/\/eurovent.ee\/%d0%ba%d0%be%d0%bd%d1%82%d0%b0%d0%ba%d1%82\/"},"modified":"2025-11-10T16:38:35","modified_gmt":"2025-11-10T13:38:35","slug":"kontakty","status":"publish","type":"page","link":"https:\/\/eurovent.ee\/ru\/kontakty\/","title":{"rendered":"\u041a\u043e\u043d\u0442\u0430\u043a\u0442"},"content":{"rendered":"<div class=\"wpb-content-wrapper\"><p>[vc_row unlock_row_content=&#187;yes&#187; row_height_percent=&#187;40&#8243; back_image=&#187;158104&#8243; back_position=&#187;center bottom&#187; overlay_alpha=&#187;50&#8243; gutter_size=&#187;3&#8243; column_width_percent=&#187;100&#8243; shift_y=&#187;0&#8243; z_index=&#187;0&#8243; content_parallax=&#187;0&#8243; uncode_shortcode_id=&#187;949855&#8243;][vc_column column_width_percent=&#187;100&#8243; gutter_size=&#187;3&#8243; style=&#187;dark&#187; overlay_alpha=&#187;50&#8243; shift_x=&#187;0&#8243; shift_y=&#187;0&#8243; shift_y_down=&#187;0&#8243; z_index=&#187;0&#8243; medium_width=&#187;0&#8243; mobile_width=&#187;0&#8243; width=&#187;1\/1&#8243; uncode_shortcode_id=&#187;348149&#8243;][\/vc_column][\/vc_row][vc_row unlock_row_content=&#187;yes&#187; row_height_percent=&#187;0&#8243; override_padding=&#187;yes&#187; h_padding=&#187;4&#8243; top_padding=&#187;4&#8243; bottom_padding=&#187;2&#8243; overlay_alpha=&#187;50&#8243; equal_height=&#187;yes&#187; gutter_size=&#187;3&#8243; column_width_percent=&#187;100&#8243; shift_y=&#187;0&#8243; z_index=&#187;0&#8243; content_parallax=&#187;0&#8243; uncode_shortcode_id=&#187;166806&#8243;][vc_column width=&#187;4\/12&#8243;][vc_custom_heading text_size=&#187;custom&#187; uncode_shortcode_id=&#187;438830&#8243; heading_custom_size=&#187;clamp(2.1875rem, 0.7813rem + 2.3438vw, 3.125rem)&#187;]\u041a\u043e\u043d\u0442\u0430\u043a\u0442\u044b[\/vc_custom_heading][\/vc_column][vc_column column_width_percent=&#187;100&#8243; gutter_size=&#187;3&#8243; back_color=&#187;color-193486&#8243; overlay_alpha=&#187;50&#8243; shift_x=&#187;0&#8243; shift_y=&#187;0&#8243; shift_y_down=&#187;0&#8243; z_index=&#187;0&#8243; medium_width=&#187;0&#8243; mobile_width=&#187;0&#8243; width=&#187;4\/12&#8243; uncode_shortcode_id=&#187;115782&#8243; back_color_type=&#187;uncode-palette&#187;][vc_custom_heading text_size=&#187;custom&#187; uncode_shortcode_id=&#187;170775&#8243; heading_custom_size=&#187;clamp(1.875rem, 1.4063rem + 0.7813vw, 2.1875rem)&#187;]EuroVentEst O\u00dc[\/vc_custom_heading][vc_custom_heading heading_semantic=&#187;h4&#8243; text_size=&#187;custom&#187; text_height=&#187;fontheight-357766&#8243; uncode_shortcode_id=&#187;123194&#8243;]\u0424\u043e\u0441\u0444\u043e\u0440\u0438\u0438\u0434\u0438 9, 74114 \u041c\u0430\u0430\u0440\u0434\u0443, \u042d\u0441\u0442\u043e\u043d\u0438\u044f[\/vc_custom_heading][vc_custom_heading heading_semantic=&#187;h4&#8243; text_size=&#187;custom&#187; text_height=&#187;fontheight-357766&#8243; uncode_shortcode_id=&#187;113249&#8243;]\u0422\u0435\u043b. +372 622 8235<\/p>\n<p>\u0422\u0435\u043b. +372 622 8233<\/p>\n<p>GSM +372 514 0146<\/p>\n<p>GSM +372 506 4481<\/p>\n<p>info@eurovent.ee[\/vc_custom_heading][\/vc_column][vc_column column_width_percent=&#187;100&#8243; gutter_size=&#187;3&#8243; back_color=&#187;color-193486&#8243; overlay_alpha=&#187;50&#8243; shift_x=&#187;0&#8243; shift_y=&#187;0&#8243; shift_y_down=&#187;0&#8243; z_index=&#187;0&#8243; medium_width=&#187;0&#8243; mobile_width=&#187;0&#8243; width=&#187;4\/12&#8243; uncode_shortcode_id=&#187;149648&#8243; back_color_type=&#187;uncode-palette&#187;][vc_custom_heading text_size=&#187;custom&#187; uncode_shortcode_id=&#187;208699&#8243; heading_custom_size=&#187;clamp(1.875rem, 1.4063rem + 0.7813vw, 2.1875rem)&#187;]\u041e\u0442\u0434\u0435\u043b \u043e\u0431\u0441\u043b\u0443\u0436\u0438\u0432\u0430\u043d\u0438\u044f[\/vc_custom_heading][vc_custom_heading heading_semantic=&#187;h4&#8243; text_size=&#187;custom&#187; text_height=&#187;fontheight-357766&#8243; uncode_shortcode_id=&#187;136848&#8243;]GSM +372 5307 7853<br \/>\nhooldus@eurovent.ee[\/vc_custom_heading][vc_custom_heading text_size=&#187;custom&#187; uncode_shortcode_id=&#187;155039&#8243; heading_custom_size=&#187;clamp(1.875rem, 1.4063rem + 0.7813vw, 2.1875rem)&#187;]\u041d\u043e\u043c\u0435\u0440 \u0434\u0435\u0436\u0443\u0440\u043d\u043e\u0433\u043e[\/vc_custom_heading][vc_custom_heading heading_semantic=&#187;h4&#8243; text_size=&#187;custom&#187; text_height=&#187;fontheight-357766&#8243; uncode_shortcode_id=&#187;131058&#8243;]+372 5324 8829[\/vc_custom_heading][\/vc_column][\/vc_row][vc_row unlock_row_content=&#187;yes&#187; row_height_percent=&#187;0&#8243; override_padding=&#187;yes&#187; h_padding=&#187;4&#8243; top_padding=&#187;2&#8243; bottom_padding=&#187;2&#8243; overlay_alpha=&#187;50&#8243; gutter_size=&#187;3&#8243; column_width_percent=&#187;100&#8243; shift_y=&#187;0&#8243; z_index=&#187;0&#8243; content_parallax=&#187;0&#8243; uncode_shortcode_id=&#187;733265&#8243;][vc_column width=&#187;4\/12&#8243;][\/vc_column][vc_column width=&#187;8\/12&#8243;][vc_single_image media=&#187;161142&#8243; media_width_percent=&#187;100&#8243; uncode_shortcode_id=&#187;129513&#8243; media_link=&#187;url:https%3A%2F%2Fwww.google.com%2Fmaps%2Fplace%2FFosforiidi%2Btn%2B9%2C%2BMaardu%2C%2B74114%2BHarju%2Bmaakond%2F%4059.4576404%2C24.9692553%2C14z%2Fdata%3D!4m6!3m5!1s0x4692edddc287b53f%3A0x3f14a0dba8e4f078!8m2!3d59.4571171!4d24.996807!16s%252Fg%252F11c2fx0k5g%3Fhl%3Den%26entry%3Dttu%26g_ep%3DEgoyMDI1MTAwOC4wIKXMDSoASAFQAw%253D%253D|target:_blank&#187;][\/vc_column][\/vc_row][vc_row unlock_row_content=&#187;yes&#187; row_height_percent=&#187;0&#8243; override_padding=&#187;yes&#187; h_padding=&#187;4&#8243; top_padding=&#187;4&#8243; bottom_padding=&#187;4&#8243; overlay_alpha=&#187;50&#8243; equal_height=&#187;yes&#187; gutter_size=&#187;3&#8243; column_width_percent=&#187;100&#8243; shift_y=&#187;0&#8243; z_index=&#187;0&#8243; content_parallax=&#187;0&#8243; uncode_shortcode_id=&#187;492628&#8243;][vc_column width=&#187;4\/12&#8243;][vc_custom_heading text_size=&#187;custom&#187; uncode_shortcode_id=&#187;433081&#8243; heading_custom_size=&#187;clamp(2.1875rem, 0.7813rem + 2.3438vw, 3.125rem)&#187;]\u041d\u0430\u043f\u0438\u0448\u0438\u0442\u0435 \u043d\u0430\u043c[\/vc_custom_heading][\/vc_column][vc_column column_width_percent=&#187;100&#8243; gutter_size=&#187;3&#8243; overlay_alpha=&#187;50&#8243; shift_x=&#187;0&#8243; shift_y=&#187;0&#8243; shift_y_down=&#187;0&#8243; z_index=&#187;0&#8243; medium_width=&#187;0&#8243; mobile_width=&#187;0&#8243; width=&#187;8\/12&#8243; uncode_shortcode_id=&#187;121858&#8243;]\n<div class=\"wpcf7 no-js\" id=\"wpcf7-f160987-o1\" lang=\"ru-RU\" dir=\"ltr\" data-wpcf7-id=\"160987\">\n<div class=\"screen-reader-response\"><p role=\"status\" aria-live=\"polite\" aria-atomic=\"true\"><\/p> <ul><\/ul><\/div>\n<form action=\"\/ru\/wp-json\/wp\/v2\/pages\/160305#wpcf7-f160987-o1\" method=\"post\" class=\"wpcf7-form init input-background\" aria-label=\"\u041a\u043e\u043d\u0442\u0430\u043a\u0442\u043d\u0430\u044f \u0444\u043e\u0440\u043c\u0430\" novalidate=\"novalidate\" data-status=\"init\">\n<fieldset class=\"hidden-fields-container\"><input type=\"hidden\" name=\"_wpcf7\" value=\"160987\" \/><input type=\"hidden\" name=\"_wpcf7_version\" value=\"6.1.2\" \/><input type=\"hidden\" name=\"_wpcf7_locale\" value=\"ru_RU\" \/><input type=\"hidden\" name=\"_wpcf7_unit_tag\" value=\"wpcf7-f160987-o1\" \/><input type=\"hidden\" name=\"_wpcf7_container_post\" value=\"0\" \/><input type=\"hidden\" name=\"_wpcf7_posted_data_hash\" value=\"\" \/>\n<\/fieldset>\n<p><label> \u0418\u043c\u044f*<br \/>\n<span class=\"wpcf7-form-control-wrap\" data-name=\"your-name\"><input size=\"40\" maxlength=\"400\" class=\"wpcf7-form-control wpcf7-text wpcf7-validates-as-required form-fluid\" autocomplete=\"name\" aria-required=\"true\" aria-invalid=\"false\" value=\"\" type=\"text\" name=\"your-name\" \/><\/span> <\/label>\n<\/p>\n<p><label> \u042d\u043c\u0430\u0439\u043b*<br \/>\n<span class=\"wpcf7-form-control-wrap\" data-name=\"your-email\"><input size=\"40\" maxlength=\"400\" class=\"wpcf7-form-control wpcf7-email wpcf7-validates-as-required wpcf7-text wpcf7-validates-as-email form-fluid\" autocomplete=\"email\" aria-required=\"true\" aria-invalid=\"false\" value=\"\" type=\"email\" name=\"your-email\" \/><\/span> <\/label>\n<\/p>\n<p><label> \u0422\u0435\u043c\u0430*<br \/>\n<span class=\"wpcf7-form-control-wrap\" data-name=\"your-subject\"><input size=\"40\" maxlength=\"400\" class=\"wpcf7-form-control wpcf7-text wpcf7-validates-as-required form-fluid\" aria-required=\"true\" aria-invalid=\"false\" value=\"\" type=\"text\" name=\"your-subject\" \/><\/span> <\/label>\n<\/p>\n<p><label> \u0421\u043e\u043e\u0431\u0449\u0435\u043d\u0438\u0435*<br \/>\n<span class=\"wpcf7-form-control-wrap\" data-name=\"your-message\"><textarea cols=\"40\" rows=\"10\" maxlength=\"2000\" class=\"wpcf7-form-control wpcf7-textarea\" aria-invalid=\"false\" name=\"your-message\"><\/textarea><\/span> <\/label>\n<\/p>\n<p><span class=\"wpcf7-form-control-wrap\" data-name=\"accept-this-1\"><span class=\"wpcf7-form-control wpcf7-acceptance\"><span class=\"wpcf7-list-item\"><label><input type=\"checkbox\" name=\"accept-this-1\" value=\"1\" aria-invalid=\"false\" \/><span class=\"wpcf7-list-item-label\">\u041e\u0442\u043f\u0440\u0430\u0432\u043b\u044f\u044f \u044d\u0442\u0443 \u0444\u043e\u0440\u043c\u0443, \u0432\u044b \u0441\u043e\u0433\u043b\u0430\u0448\u0430\u0435\u0442\u0435\u0441\u044c \u043d\u0430 \u043e\u0431\u0440\u0430\u0431\u043e\u0442\u043a\u0443 \u0432\u0430\u0448\u0438\u0445 \u0434\u0430\u043d\u043d\u044b\u0445 \u0441 \u0446\u0435\u043b\u044c\u044e \u043e\u0442\u0432\u0435\u0442\u0430 \u043d\u0430 \u0437\u0430\u043f\u0440\u043e\u0441.<\/span><\/label><\/span><\/span><\/span>\n<\/p>\n<p><input class=\"wpcf7-form-control wpcf7-submit has-spinner btn btn-accent\" type=\"submit\" value=\"\u041e\u0442\u043f\u0440\u0430\u0432\u0438\u0442\u044c\" \/>\n<\/p><div class=\"wpcf7-response-output\" aria-hidden=\"true\"><\/div>\n<\/form>\n<\/div>\n[\/vc_column][\/vc_row]<\/p>\n<\/div>","protected":false},"excerpt":{"rendered":"<p>[vc_row unlock_row_content=&#187;yes&#187; row_height_percent=&#187;40&#8243; back_image=&#187;158104&#8243; back_position=&#187;center bottom&#187; overlay_alpha=&#187;50&#8243; gutter_size=&#187;3&#8243; column_width_percent=&#187;100&#8243; shift_y=&#187;0&#8243; z_index=&#187;0&#8243; content_parallax=&#187;0&#8243; uncode_shortcode_id=&#187;949855&#8243;][vc_column column_width_percent=&#187;100&#8243; gutter_size=&#187;3&#8243; style=&#187;dark&#187; overlay_alpha=&#187;50&#8243; shift_x=&#187;0&#8243; shift_y=&#187;0&#8243; shift_y_down=&#187;0&#8243; [&hellip;]<\/p>\n","protected":false},"author":2,"featured_media":160568,"parent":0,"menu_order":0,"comment_status":"closed","ping_status":"closed","template":"","meta":{"footnotes":""},"class_list":["post-160305","page","type-page","status-publish","has-post-thumbnail","hentry"],"yoast_head":"<!-- This site is optimized with the Yoast SEO plugin v26.3 - https:\/\/yoast.com\/wordpress\/plugins\/seo\/ -->\n<title>\u041a\u043e\u043d\u0442\u0430\u043a\u0442\u044b | EuroVent EST O\u00dc<\/title>\n<meta name=\"description\" content=\"\u0421\u0432\u044f\u0436\u0438\u0442\u0435\u0441\u044c \u0441 EuroVent O\u00dc \u2013 \u0441\u043f\u0435\u0446\u0438\u0430\u043b\u0438\u0441\u0442\u0430\u043c\u0438 \u043f\u043e \u0441\u0438\u0441\u0442\u0435\u043c\u0430\u043c \u0434\u044b\u043c\u043e\u0443\u0434\u0430\u043b\u0435\u043d\u0438\u044f, \u043f\u0440\u043e\u0442\u0438\u0432\u043e\u043f\u043e\u0436\u0430\u0440\u043d\u044b\u043c \u0438 \u0441\u043e\u043b\u043d\u0446\u0435\u0437\u0430\u0449\u0438\u0442\u043d\u044b\u043c \u0440\u0435\u0448\u0435\u043d\u0438\u044f\u043c. \u041f\u0440\u043e\u0435\u043a\u0442\u0438\u0440\u043e\u0432\u0430\u043d\u0438\u0435, \u043c\u043e\u043d\u0442\u0430\u0436 \u0438 \u043e\u0431\u0441\u043b\u0443\u0436\u0438\u0432\u0430\u043d\u0438\u0435 \u043f\u043e \u042d\u0441\u0442\u043e\u043d\u0438\u0438.\" \/>\n<meta name=\"robots\" content=\"index, follow, max-snippet:-1, max-image-preview:large, max-video-preview:-1\" \/>\n<link rel=\"canonical\" href=\"https:\/\/eurovent.ee\/ru\/kontakty\/\" \/>\n<meta property=\"og:locale\" content=\"ru_RU\" \/>\n<meta property=\"og:type\" content=\"article\" \/>\n<meta property=\"og:title\" content=\"\u041a\u043e\u043d\u0442\u0430\u043a\u0442\u044b | EuroVent EST O\u00dc\" \/>\n<meta property=\"og:description\" content=\"\u0421\u0432\u044f\u0436\u0438\u0442\u0435\u0441\u044c \u0441 EuroVent O\u00dc \u2013 \u0441\u043f\u0435\u0446\u0438\u0430\u043b\u0438\u0441\u0442\u0430\u043c\u0438 \u043f\u043e \u0441\u0438\u0441\u0442\u0435\u043c\u0430\u043c \u0434\u044b\u043c\u043e\u0443\u0434\u0430\u043b\u0435\u043d\u0438\u044f, \u043f\u0440\u043e\u0442\u0438\u0432\u043e\u043f\u043e\u0436\u0430\u0440\u043d\u044b\u043c \u0438 \u0441\u043e\u043b\u043d\u0446\u0435\u0437\u0430\u0449\u0438\u0442\u043d\u044b\u043c \u0440\u0435\u0448\u0435\u043d\u0438\u044f\u043c. \u041f\u0440\u043e\u0435\u043a\u0442\u0438\u0440\u043e\u0432\u0430\u043d\u0438\u0435, \u043c\u043e\u043d\u0442\u0430\u0436 \u0438 \u043e\u0431\u0441\u043b\u0443\u0436\u0438\u0432\u0430\u043d\u0438\u0435 \u043f\u043e \u042d\u0441\u0442\u043e\u043d\u0438\u0438.\" \/>\n<meta property=\"og:url\" content=\"https:\/\/eurovent.ee\/ru\/kontakty\/\" \/>\n<meta property=\"og:site_name\" content=\"Eurovent EST O\u00dc\" \/>\n<meta property=\"article:modified_time\" content=\"2025-11-10T13:38:35+00:00\" \/>\n<meta property=\"og:image\" content=\"https:\/\/eurovent.ee\/wp-content\/uploads\/2025\/07\/hero-02-1-scaled.jpg\" \/>\n\t<meta property=\"og:image:width\" content=\"2560\" \/>\n\t<meta property=\"og:image:height\" content=\"1701\" \/>\n\t<meta property=\"og:image:type\" content=\"image\/jpeg\" \/>\n<meta name=\"twitter:card\" content=\"summary_large_image\" \/>\n<meta name=\"twitter:label1\" content=\"\u041f\u0440\u0438\u043c\u0435\u0440\u043d\u043e\u0435 \u0432\u0440\u0435\u043c\u044f \u0434\u043b\u044f \u0447\u0442\u0435\u043d\u0438\u044f\" \/>\n\t<meta name=\"twitter:data1\" content=\"2 \u043c\u0438\u043d\u0443\u0442\u044b\" \/>\n<script type=\"application\/ld+json\" class=\"yoast-schema-graph\">{\"@context\":\"https:\/\/schema.org\",\"@graph\":[{\"@type\":\"WebPage\",\"@id\":\"https:\/\/eurovent.ee\/ru\/kontakty\/\",\"url\":\"https:\/\/eurovent.ee\/ru\/kontakty\/\",\"name\":\"\u041a\u043e\u043d\u0442\u0430\u043a\u0442\u044b | EuroVent EST O\u00dc\",\"isPartOf\":{\"@id\":\"https:\/\/eurovent.ee\/ru\/#website\"},\"primaryImageOfPage\":{\"@id\":\"https:\/\/eurovent.ee\/ru\/kontakty\/#primaryimage\"},\"image\":{\"@id\":\"https:\/\/eurovent.ee\/ru\/kontakty\/#primaryimage\"},\"thumbnailUrl\":\"https:\/\/eurovent.ee\/wp-content\/uploads\/2025\/07\/hero-02-1-scaled.jpg\",\"datePublished\":\"2025-07-21T13:42:44+00:00\",\"dateModified\":\"2025-11-10T13:38:35+00:00\",\"description\":\"\u0421\u0432\u044f\u0436\u0438\u0442\u0435\u0441\u044c \u0441 EuroVent O\u00dc \u2013 \u0441\u043f\u0435\u0446\u0438\u0430\u043b\u0438\u0441\u0442\u0430\u043c\u0438 \u043f\u043e \u0441\u0438\u0441\u0442\u0435\u043c\u0430\u043c \u0434\u044b\u043c\u043e\u0443\u0434\u0430\u043b\u0435\u043d\u0438\u044f, \u043f\u0440\u043e\u0442\u0438\u0432\u043e\u043f\u043e\u0436\u0430\u0440\u043d\u044b\u043c \u0438 \u0441\u043e\u043b\u043d\u0446\u0435\u0437\u0430\u0449\u0438\u0442\u043d\u044b\u043c \u0440\u0435\u0448\u0435\u043d\u0438\u044f\u043c. \u041f\u0440\u043e\u0435\u043a\u0442\u0438\u0440\u043e\u0432\u0430\u043d\u0438\u0435, \u043c\u043e\u043d\u0442\u0430\u0436 \u0438 \u043e\u0431\u0441\u043b\u0443\u0436\u0438\u0432\u0430\u043d\u0438\u0435 \u043f\u043e \u042d\u0441\u0442\u043e\u043d\u0438\u0438.\",\"breadcrumb\":{\"@id\":\"https:\/\/eurovent.ee\/ru\/kontakty\/#breadcrumb\"},\"inLanguage\":\"ru-RU\",\"potentialAction\":[{\"@type\":\"ReadAction\",\"target\":[\"https:\/\/eurovent.ee\/ru\/kontakty\/\"]}]},{\"@type\":\"ImageObject\",\"inLanguage\":\"ru-RU\",\"@id\":\"https:\/\/eurovent.ee\/ru\/kontakty\/#primaryimage\",\"url\":\"https:\/\/eurovent.ee\/wp-content\/uploads\/2025\/07\/hero-02-1-scaled.jpg\",\"contentUrl\":\"https:\/\/eurovent.ee\/wp-content\/uploads\/2025\/07\/hero-02-1-scaled.jpg\",\"width\":2560,\"height\":1701},{\"@type\":\"BreadcrumbList\",\"@id\":\"https:\/\/eurovent.ee\/ru\/kontakty\/#breadcrumb\",\"itemListElement\":[{\"@type\":\"ListItem\",\"position\":1,\"name\":\"Home\",\"item\":\"https:\/\/eurovent.ee\/ru\/home\/\"},{\"@type\":\"ListItem\",\"position\":2,\"name\":\"\u041a\u043e\u043d\u0442\u0430\u043a\u0442\"}]},{\"@type\":\"WebSite\",\"@id\":\"https:\/\/eurovent.ee\/ru\/#website\",\"url\":\"https:\/\/eurovent.ee\/ru\/\",\"name\":\"Eurovent EST O\u00dc\",\"description\":\"Spetsialistid suitsueemalduse, tulet\u00f5kkekardinate ja p\u00e4ikeses\u00fcsteemide alal\",\"potentialAction\":[{\"@type\":\"SearchAction\",\"target\":{\"@type\":\"EntryPoint\",\"urlTemplate\":\"https:\/\/eurovent.ee\/ru\/?s={search_term_string}\"},\"query-input\":{\"@type\":\"PropertyValueSpecification\",\"valueRequired\":true,\"valueName\":\"search_term_string\"}}],\"inLanguage\":\"ru-RU\"}]}<\/script>\n<!-- \/ Yoast SEO plugin. -->","yoast_head_json":{"title":"\u041a\u043e\u043d\u0442\u0430\u043a\u0442\u044b | EuroVent EST O\u00dc","description":"\u0421\u0432\u044f\u0436\u0438\u0442\u0435\u0441\u044c \u0441 EuroVent O\u00dc \u2013 \u0441\u043f\u0435\u0446\u0438\u0430\u043b\u0438\u0441\u0442\u0430\u043c\u0438 \u043f\u043e \u0441\u0438\u0441\u0442\u0435\u043c\u0430\u043c \u0434\u044b\u043c\u043e\u0443\u0434\u0430\u043b\u0435\u043d\u0438\u044f, \u043f\u0440\u043e\u0442\u0438\u0432\u043e\u043f\u043e\u0436\u0430\u0440\u043d\u044b\u043c \u0438 \u0441\u043e\u043b\u043d\u0446\u0435\u0437\u0430\u0449\u0438\u0442\u043d\u044b\u043c \u0440\u0435\u0448\u0435\u043d\u0438\u044f\u043c. \u041f\u0440\u043e\u0435\u043a\u0442\u0438\u0440\u043e\u0432\u0430\u043d\u0438\u0435, \u043c\u043e\u043d\u0442\u0430\u0436 \u0438 \u043e\u0431\u0441\u043b\u0443\u0436\u0438\u0432\u0430\u043d\u0438\u0435 \u043f\u043e \u042d\u0441\u0442\u043e\u043d\u0438\u0438.","robots":{"index":"index","follow":"follow","max-snippet":"max-snippet:-1","max-image-preview":"max-image-preview:large","max-video-preview":"max-video-preview:-1"},"canonical":"https:\/\/eurovent.ee\/ru\/kontakty\/","og_locale":"ru_RU","og_type":"article","og_title":"\u041a\u043e\u043d\u0442\u0430\u043a\u0442\u044b | EuroVent EST O\u00dc","og_description":"\u0421\u0432\u044f\u0436\u0438\u0442\u0435\u0441\u044c \u0441 EuroVent O\u00dc \u2013 \u0441\u043f\u0435\u0446\u0438\u0430\u043b\u0438\u0441\u0442\u0430\u043c\u0438 \u043f\u043e \u0441\u0438\u0441\u0442\u0435\u043c\u0430\u043c \u0434\u044b\u043c\u043e\u0443\u0434\u0430\u043b\u0435\u043d\u0438\u044f, \u043f\u0440\u043e\u0442\u0438\u0432\u043e\u043f\u043e\u0436\u0430\u0440\u043d\u044b\u043c \u0438 \u0441\u043e\u043b\u043d\u0446\u0435\u0437\u0430\u0449\u0438\u0442\u043d\u044b\u043c \u0440\u0435\u0448\u0435\u043d\u0438\u044f\u043c. \u041f\u0440\u043e\u0435\u043a\u0442\u0438\u0440\u043e\u0432\u0430\u043d\u0438\u0435, \u043c\u043e\u043d\u0442\u0430\u0436 \u0438 \u043e\u0431\u0441\u043b\u0443\u0436\u0438\u0432\u0430\u043d\u0438\u0435 \u043f\u043e \u042d\u0441\u0442\u043e\u043d\u0438\u0438.","og_url":"https:\/\/eurovent.ee\/ru\/kontakty\/","og_site_name":"Eurovent EST O\u00dc","article_modified_time":"2025-11-10T13:38:35+00:00","og_image":[{"width":2560,"height":1701,"url":"https:\/\/eurovent.ee\/wp-content\/uploads\/2025\/07\/hero-02-1-scaled.jpg","type":"image\/jpeg"}],"twitter_card":"summary_large_image","twitter_misc":{"\u041f\u0440\u0438\u043c\u0435\u0440\u043d\u043e\u0435 \u0432\u0440\u0435\u043c\u044f \u0434\u043b\u044f \u0447\u0442\u0435\u043d\u0438\u044f":"2 \u043c\u0438\u043d\u0443\u0442\u044b"},"schema":{"@context":"https:\/\/schema.org","@graph":[{"@type":"WebPage","@id":"https:\/\/eurovent.ee\/ru\/kontakty\/","url":"https:\/\/eurovent.ee\/ru\/kontakty\/","name":"\u041a\u043e\u043d\u0442\u0430\u043a\u0442\u044b | EuroVent EST O\u00dc","isPartOf":{"@id":"https:\/\/eurovent.ee\/ru\/#website"},"primaryImageOfPage":{"@id":"https:\/\/eurovent.ee\/ru\/kontakty\/#primaryimage"},"image":{"@id":"https:\/\/eurovent.ee\/ru\/kontakty\/#primaryimage"},"thumbnailUrl":"https:\/\/eurovent.ee\/wp-content\/uploads\/2025\/07\/hero-02-1-scaled.jpg","datePublished":"2025-07-21T13:42:44+00:00","dateModified":"2025-11-10T13:38:35+00:00","description":"\u0421\u0432\u044f\u0436\u0438\u0442\u0435\u0441\u044c \u0441 EuroVent O\u00dc \u2013 \u0441\u043f\u0435\u0446\u0438\u0430\u043b\u0438\u0441\u0442\u0430\u043c\u0438 \u043f\u043e \u0441\u0438\u0441\u0442\u0435\u043c\u0430\u043c \u0434\u044b\u043c\u043e\u0443\u0434\u0430\u043b\u0435\u043d\u0438\u044f, \u043f\u0440\u043e\u0442\u0438\u0432\u043e\u043f\u043e\u0436\u0430\u0440\u043d\u044b\u043c \u0438 \u0441\u043e\u043b\u043d\u0446\u0435\u0437\u0430\u0449\u0438\u0442\u043d\u044b\u043c \u0440\u0435\u0448\u0435\u043d\u0438\u044f\u043c. \u041f\u0440\u043e\u0435\u043a\u0442\u0438\u0440\u043e\u0432\u0430\u043d\u0438\u0435, \u043c\u043e\u043d\u0442\u0430\u0436 \u0438 \u043e\u0431\u0441\u043b\u0443\u0436\u0438\u0432\u0430\u043d\u0438\u0435 \u043f\u043e \u042d\u0441\u0442\u043e\u043d\u0438\u0438.","breadcrumb":{"@id":"https:\/\/eurovent.ee\/ru\/kontakty\/#breadcrumb"},"inLanguage":"ru-RU","potentialAction":[{"@type":"ReadAction","target":["https:\/\/eurovent.ee\/ru\/kontakty\/"]}]},{"@type":"ImageObject","inLanguage":"ru-RU","@id":"https:\/\/eurovent.ee\/ru\/kontakty\/#primaryimage","url":"https:\/\/eurovent.ee\/wp-content\/uploads\/2025\/07\/hero-02-1-scaled.jpg","contentUrl":"https:\/\/eurovent.ee\/wp-content\/uploads\/2025\/07\/hero-02-1-scaled.jpg","width":2560,"height":1701},{"@type":"BreadcrumbList","@id":"https:\/\/eurovent.ee\/ru\/kontakty\/#breadcrumb","itemListElement":[{"@type":"ListItem","position":1,"name":"Home","item":"https:\/\/eurovent.ee\/ru\/home\/"},{"@type":"ListItem","position":2,"name":"\u041a\u043e\u043d\u0442\u0430\u043a\u0442"}]},{"@type":"WebSite","@id":"https:\/\/eurovent.ee\/ru\/#website","url":"https:\/\/eurovent.ee\/ru\/","name":"Eurovent EST O\u00dc","description":"Spetsialistid suitsueemalduse, tulet\u00f5kkekardinate ja p\u00e4ikeses\u00fcsteemide alal","potentialAction":[{"@type":"SearchAction","target":{"@type":"EntryPoint","urlTemplate":"https:\/\/eurovent.ee\/ru\/?s={search_term_string}"},"query-input":{"@type":"PropertyValueSpecification","valueRequired":true,"valueName":"search_term_string"}}],"inLanguage":"ru-RU"}]}},"_links":{"self":[{"href":"https:\/\/eurovent.ee\/ru\/wp-json\/wp\/v2\/pages\/160305","targetHints":{"allow":["GET"]}}],"collection":[{"href":"https:\/\/eurovent.ee\/ru\/wp-json\/wp\/v2\/pages"}],"about":[{"href":"https:\/\/eurovent.ee\/ru\/wp-json\/wp\/v2\/types\/page"}],"author":[{"embeddable":true,"href":"https:\/\/eurovent.ee\/ru\/wp-json\/wp\/v2\/users\/2"}],"replies":[{"embeddable":true,"href":"https:\/\/eurovent.ee\/ru\/wp-json\/wp\/v2\/comments?post=160305"}],"version-history":[{"count":42,"href":"https:\/\/eurovent.ee\/ru\/wp-json\/wp\/v2\/pages\/160305\/revisions"}],"predecessor-version":[{"id":161177,"href":"https:\/\/eurovent.ee\/ru\/wp-json\/wp\/v2\/pages\/160305\/revisions\/161177"}],"wp:featuredmedia":[{"embeddable":true,"href":"https:\/\/eurovent.ee\/ru\/wp-json\/wp\/v2\/media\/160568"}],"wp:attachment":[{"href":"https:\/\/eurovent.ee\/ru\/wp-json\/wp\/v2\/media?parent=160305"}],"curies":[{"name":"wp","href":"https:\/\/api.w.org\/{rel}","templated":true}]}}